{"id":3,"date":"2020-02-11T11:50:02","date_gmt":"2020-02-11T10:50:02","guid":{"rendered":"https:\/\/dev.speedyweb.pl\/printing-season\/?page_id=3"},"modified":"2022-11-27T21:49:52","modified_gmt":"2022-11-27T20:49:52","slug":"polityka-prywatnosci","status":"publish","type":"page","link":"https:\/\/printing-season.com\/en\/privacy-policy\/","title":{"rendered":"Privacy policy"},"content":{"rendered":"<h2 class=\"wp-block-heading\">COOKIE POLICY<\/h2>\n\n\n\n<ol class=\"wp-block-list\">\n<li>The website does not automatically collect any information except that contained in cookies.<\/li>\n\n\n\n<li>Cookies (so-called \"cookies\") are IT data, in particular text files, which are stored in the Service User's terminal equipment and are intended for use on the Service's websites. Cookies usually contain the name of the website from which they come, the time of storing them on the terminal equipment and a unique number.<\/li>\n\n\n\n<li>The entity placing cookies on the end user's device and accessing them is the operator of Printing Season Jacek Wysmyk with headquarters at Topolowa 23, 05-300 Minsk Mazowiecki.<\/li>\n\n\n\n<li>Cookies are used for:\n<ol class=\"wp-block-list\">\n<li>dostosowania       zawarto\u015bci stron internetowych Serwisu do preferencji U\u017cytkownika oraz       optymalizacji korzystania ze stron internetowych; w szczeg\u00f3lno\u015bci pliki       te pozwalaj\u0105 rozpozna\u0107 urz\u0105dzenie U\u017cytkownika Serwisu i odpowiednio       wy\u015bwietli\u0107 stron\u0119 internetow\u0105, dostosowan\u0105 do jego indywidualnych       potrzeb;<\/li>\n\n\n\n<li>tworzenia       statystyk, kt\u00f3re pomagaj\u0105 zrozumie\u0107, w jaki spos\u00f3b U\u017cytkownicy Serwisu       korzystaj\u0105 ze stron internetowych, co umo\u017cliwia ulepszanie ich struktury       i zawarto\u015bci;<\/li>\n<\/ol>\n<\/li>\n\n\n\n<li>W ramach Serwisu stosowane s\u0105 dwa zasadnicze rodzaje plik\u00f3w cookies: \u201esesyjne\u201d &nbsp;(<em>session cookies<\/em>) and \"fixed\" (<em>persistent cookies<\/em>). \"Session\" cookies are temporary files that are stored in the User's terminal equipment until logging off, leaving the website or switching off the software (web browser). \"Permanent\" cookies are stored in the User's terminal equipment for the time specified in the parameters of cookies or until they are deleted by the User.<\/li>\n\n\n\n<li>In many cases, the software used to browse the Internet (web browser) by default allows the storage of cookies on the User's terminal equipment. Users of the Website may at any time change their settings concerning cookies. These settings can be changed in particular in such a way as to block the automatic handling of cookies in the settings of your web browser or inform on their timely placement in the device of a User of the Service. Detailed information on the possibility and methods of using cookies is available in the settings of your software (web browser).<\/li>\n\n\n\n<li>Google Analytics - These cookies enable the functionality of Google Analytics. This software helps to gain and analyse information about the browser type used, the number of visitors to the site, the effectiveness of marketing campaigns and the length of individual visits. This information is used to improve the Printing Season website.<\/li>\n\n\n\n<li>Facebook - These cookies enable the Facebook statistics function. This software helps to gain and analyse information about the effectiveness of marketing campaigns used. This information is used to improve the Printing Season website and to tailor Facebook ads.<\/li>\n\n\n\n<li>This site is protected by reCAPTCHA and the Google <a href=\"https:\/\/policies.google.com\/privacy\" rel=\"nofollow noopener\" target=\"_blank\">Privacy Policy<\/a> and <a href=\"https:\/\/policies.google.com\/terms\" rel=\"nofollow noopener\" target=\"_blank\">Terms of Service<\/a> Google.<\/li>\n<\/ol>\n\n\n\n<h2 class=\"wp-block-heading\">PROTECTION OF PERSONAL DATA<\/h2>\n\n\n\n<h3 class=\"wp-block-heading\"><strong>LOGI<\/strong><\/h3>\n\n\n\n<p>Korzystanie\nze strony wi\u0105\u017ce si\u0119 z przesy\u0142aniem zapyta\u0144 do serwera, na kt\u00f3rym znajduje si\u0119 strona.&nbsp;Ka\u017cde\nzapytanie skierowane do serwera zapisywane jest w logach, kt\u00f3re obejmuj\u0105 m.in.\nadres IP, dat\u0119 i czas serwera, informacje o przegl\u0105darce internetowej i\nsystemie operacyjnym, z jakiego korzysta u\u017cytkownik.&nbsp;Dane zapisane w\nlogach serwera nie s\u0105 kojarzone z konkretn\u0105 osob\u0105 i&nbsp;stanowi\u0105 wy\u0142\u0105cznie\nmateria\u0142 pomocniczy s\u0142u\u017c\u0105cy do administracji, a ich zawarto\u015b\u0107 nie jest\nujawniana nikomu poza osobami upowa\u017cnionymi do administrowania serwerem w\nLH.pl.<\/p>\n\n\n\n<h3 class=\"wp-block-heading\"><strong>NEWSLETTER<\/strong><\/h3>\n\n\n\n<p>Je\u015bli\nu\u017cytkownik wyrazi zgod\u0119 na przetwarzanie danych w innych celach np.\nmarketingowych i przesy\u0142ania informacji handlowych &nbsp;\u2013 b\u0119d\u0105 wykorzystywane\njedynie do wysy\u0142ania e-maili informacyjnych ze strony Printing Season. Dane te\nprzechowywane s\u0105 w systemie FreshMail. Inne osoby trzecie nie b\u0119d\u0105 mia\u0142y do\nnich dost\u0119pu.<\/p>\n\n\n\n<h3 class=\"wp-block-heading\"><strong>FORMULARZ\nKONTAKTOWY<\/strong><\/h3>\n\n\n\n<p>Je\u015bli\nu\u017cytkownik wy\u015ble wiadomo\u015b\u0107 przez formularz kontaktowy \u2013 to podane dane nie\nzostan\u0105 wykorzystane, aby zapisa\u0107 go na newsletter, ale mog\u0105 by\u0107 wykorzystywane\nw celach marketingowych, je\u015bli b\u0119dzie wymaga\u0142a tego odpowied\u017a na e-maila\nu\u017cytkownika. Dane te przechowywane s\u0105 w naszej skrzynce e-mailowej w dhosting.pl\nw celach zarz\u0105dzania poczt\u0105 oraz wys\u0142ania odpowiedzi e-mailowej na wiadomo\u015b\u0107\nu\u017cytkownika. Osoby trzecie nie b\u0119d\u0105 mia\u0142y do nich dost\u0119pu.<\/p>\n\n\n\n<h3 class=\"wp-block-heading\"><strong>DOBROWOLNE\nPODANIE DANYCH<\/strong><\/h3>\n\n\n\n<p>Podanie\ndanych osobowych do cel\u00f3w marketingowych i handlowych jest dobrowolne. W ka\u017cdej\nchwili u\u017cytkownik ma mo\u017cliwo\u015b\u0107 dost\u0119pu do swoich danych osobowych, ich\npoprawiania i \u017c\u0105dania ich usuni\u0119cia. W tym celu skontaktuj si\u0119 z nami lub w\nprzypadku newslettera wci\u015bnij odpowiedni link wypisania z listy w przes\u0142anym\nprzez nas newsletterze.<\/p>\n\n\n\n<p>Administratorem\ndanych osobowych jest Printing Season Jacek Wysmyk, Topolowa 23, 05-300 Mi\u0144sk\nMazowiecki.<\/p>\n\n\n\n<p>Administrator\ninformuje niniejszym U\u017cytkownika, \u017ce powierza przetwarzanie danych osobowych\nnast\u0119puj\u0105cym podmiotom:<\/p>\n\n\n\n<ul class=\"wp-block-list\">\n<li>dhosting.pl\n     Sp. z o.o., Al. Jerozolimskie 98, 00-807 <a href=\"https:\/\/printing-season.com\/en\/\">Warsaw<\/a>, NIP: 7010198361\u2013 w celu\n     przechowywania danych osobowych na serwerze,<\/li>\n\n\n\n<li>FreshMail\n     Sp. z o.o., Al. 29 Listopada 155 c, 31-406 Krak\u00f3w, NIP: 6751496393\u2013 w celu\n     korzystania z systemu mailingowego FreshMail, s\u0142u\u017c\u0105cego do przesy\u0142ania\n     newslettera.<\/li>\n<\/ul>\n\n\n\n<p>Kontakt\ndo nas: <\/p>\n\n\n\n<ul class=\"wp-block-list\">\n<li>telefon: +48 669 539&nbsp;089<\/li>\n\n\n\n<li>e-mail: info@printing-season.pl<\/li>\n<\/ul>","protected":false},"excerpt":{"rendered":"<p>POLITYKA COOKIES OCHRONA DANYCH OSOBOWYCH LOGI Korzystanie ze strony wi\u0105\u017ce si\u0119 z przesy\u0142aniem zapyta\u0144 do serwera, na kt\u00f3rym znajduje si\u0119 strona.&nbsp;Ka\u017cde zapytanie skierowane do serwera zapisywane jest w logach, kt\u00f3re...<\/p>","protected":false},"author":1,"featured_media":0,"parent":0,"menu_order":0,"comment_status":"closed","ping_status":"open","template":"","meta":{"_vp_format_video_url":"","_vp_image_focal_point":[],"footnotes":""},"class_list":["post-3","page","type-page","status-publish","hentry"],"_links":{"self":[{"href":"https:\/\/printing-season.com\/en\/wp-json\/wp\/v2\/pages\/3","targetHints":{"allow":["GET"]}}],"collection":[{"href":"https:\/\/printing-season.com\/en\/wp-json\/wp\/v2\/pages"}],"about":[{"href":"https:\/\/printing-season.com\/en\/wp-json\/wp\/v2\/types\/page"}],"author":[{"embeddable":true,"href":"https:\/\/printing-season.com\/en\/wp-json\/wp\/v2\/users\/1"}],"replies":[{"embeddable":true,"href":"https:\/\/printing-season.com\/en\/wp-json\/wp\/v2\/comments?post=3"}],"version-history":[{"count":6,"href":"https:\/\/printing-season.com\/en\/wp-json\/wp\/v2\/pages\/3\/revisions"}],"predecessor-version":[{"id":483,"href":"https:\/\/printing-season.com\/en\/wp-json\/wp\/v2\/pages\/3\/revisions\/483"}],"wp:attachment":[{"href":"https:\/\/printing-season.com\/en\/wp-json\/wp\/v2\/media?parent=3"}],"curies":[{"name":"wp","href":"https:\/\/api.w.org\/{rel}","templated":true}]}}