{"id":75,"date":"2020-01-03T00:00:00","date_gmt":"2020-01-02T23:00:00","guid":{"rendered":"https:\/\/dev.speedyweb.pl\/printing-season\/techniki-nadruku-na-koszulkach\/"},"modified":"2020-11-12T17:23:29","modified_gmt":"2020-11-12T16:23:29","slug":"techniki-nadruku","status":"publish","type":"page","link":"https:\/\/printing-season.com\/en\/printing-techniques\/","title":{"rendered":"Printing techniques"},"content":{"rendered":"<h1>T-shirt printing techniques<\/h1>\n<p>Istnieje wiele technik, pozwalaj\u0105cych na umieszczanie nadruk\u00f3w reklamowych na odzie\u017cy i gad\u017cetach. Czy mo\u017cna wskaza\u0107 jedn\u0105, najlepsz\u0105 metod\u0119? Nie do ko\u0144ca \u2013 poniewa\u017c r\u00f3\u017cne techniki nadruku sprawdzaj\u0105 si\u0119 dobrze w r\u00f3\u017cnych przypadkach. Wyb\u00f3r sposobu, w jaki ma zosta\u0107 na\u0142o\u017cona aplikacja, powinien by\u0107 uzale\u017cniony od rodzaju grafiki, liczby nadruk\u00f3w reklamowych, kt\u00f3re chcesz zam\u00f3wi\u0107 oraz od tego, na jaki materia\u0142 ma trafi\u0107 nadruk.<\/p>\n<h2>Sitodruk to najlepszy wyb\u00f3r przy du\u017cych zam\u00f3wieniach<\/h2>\n<p><img loading=\"lazy\" decoding=\"async\" src=\"http:\/\/dhtestprinting.pl\/wp-content\/uploads\/2020\/01\/foto_text_10.jpg\" alt=\"\" width=\"1308\" height=\"560\"><\/p>\n<p><a href=\"https:\/\/printing-season.com\/en\/printing-techniques\/screen-printing-on-t-shirts\/\">Screen printing<\/a> to jedna z najstarszych technik nadruku na odzie\u017cy, polegaj\u0105ca na nak\u0142adaniu na ubrania farby, przeciskanej przez specjalne sita. Wyr\u00f3\u017cnia j\u0105 du\u017ca szybko\u015b\u0107 druku, wyrazisto\u015b\u0107 gotowego printu oraz jego odporno\u015b\u0107 na czynniki atmosferyczne i pranie. Dodatkowo, ze wzgl\u0119du na to, \u017ce sita dla danej grafiki przygotowuje si\u0119 raz, koszt pojedynczej sztuki spada, je\u015bli zamawia si\u0119 wiele egzemplarzy.<\/p>\n<p>Sitodruk to technika nadruku idealna dla tych, kt\u00f3rzy chc\u0105 z\u0142o\u017cy\u0107 wi\u0119ksze zam\u00f3wienie, i dla kt\u00f3rych liczy si\u0119 wysoka jako\u015b\u0107 nadruku. Nie b\u0119dzie natomiast dobrym wyborem dla os\u00f3b potrzebuj\u0105cych jednego \u2013 kilku nadruk\u00f3w. <a href=\"https:\/\/printing-season.com\/en\/\">Prints<\/a> reklamowe na odzie\u017cy wykonane metod\u0105 sitodruku s\u0105 wierne oryginalnej grafice i trwa\u0142e. Sitodruk te\u017c, w zale\u017cno\u015bci od potrzeb, mo\u017ce zosta\u0107 na\u0142o\u017cony za pomoc\u0105 kilku rodzaj\u00f3w farb \u2013 co pozwala na osi\u0105gni\u0119cie rozmaitego efektu:<\/p>\n<ul>\n<li><b>Plastisol inks<\/b> \u2013 wyb\u00f3r uniwersalny. Farby plastizolowe mog\u0105 by\u0107 stosowane i przy grafikach prostszych, i bardziej skomplikowanych. Du\u017ca g\u0119sto\u015b\u0107 umo\u017cliwia dobre krycie, dzi\u0119ki czemu z powodzeniem sprawdzaj\u0105 si\u0119 w przypadku zadrukowywania ciemnych powierzchni,<\/li>\n<li><b>Water-based inks<\/b> \u2013 s\u0105 eko, pozwalaj\u0105 uzyska\u0107 bardzo \u017cywe kolory i du\u017c\u0105 ostro\u015b\u0107 nadruku. S\u0105 stosowane przede wszystkim na tkaninach jasnych,<\/li>\n<li><b>Discharge inks<\/b> \u2013 wyci\u0105gaj\u0105 pigment z tkaniny, na kt\u00f3r\u0105 s\u0105 na\u0142o\u017cone \u2013 dzi\u0119ki temu pozwalaj\u0105 na stworzenie wzoru niewyczuwalnego w dotyku. Mog\u0105 by\u0107 u\u017cywane na ciemnych i kolorowych materia\u0142ach,<\/li>\n<li><b>CMYK inks<\/b> \u2013 zapewniaj\u0105 jako\u015b\u0107 druku zbli\u017con\u0105 do DTG, dobrze sprawdzaj\u0105 si\u0119 na tkaninach w ka\u017cdym kolorze.<\/li>\n<\/ul>\n<h2>Termotransfer \u2013 nadruk w trudno dost\u0119pnych miejscach<\/h2>\n<p><a href=\"https:\/\/printing-season.com\/en\/printing-techniques\/thermo-transfer-digital-printing\/\">Termotransfer<\/a> to technika nadruku, kt\u00f3ra polega na \u201ewgrzaniu\u201d w materia\u0142 wcze\u015bniej przygotowanego wydruku. Podobnie jak sitodruk, termotransfer jest trwa\u0142y i mo\u017ce by\u0107 wykorzystywany zar\u00f3wno do ma\u0142o skomplikowanych, jak i bardziej szczeg\u00f3\u0142owych grafik. Jego zalet\u0105 jest mo\u017cliwo\u015b\u0107 aplikacji w trudno dost\u0119pnych miejscach \u2013 mo\u017ce by\u0107 z powodzeniem nak\u0142adany na przyk\u0142ad na <a href=\"https:\/\/printing-season.com\/en\/promotional-clothing\/printed-hats\/\">caps<\/a>, zdarza si\u0119 te\u017c, \u017ce metoda ta bywa wykorzystywana przy tworzeniu metek.<\/p>\n<p><img loading=\"lazy\" decoding=\"async\" src=\"http:\/\/dhtestprinting.pl\/wp-content\/uploads\/2020\/01\/foto_text_4.jpg\" alt=\"\" width=\"1308\" height=\"560\"><\/p>","protected":false},"excerpt":{"rendered":"<p>Techniki nadruku na koszulkach Istnieje wiele technik, pozwalaj\u0105cych na umieszczanie nadruk\u00f3w reklamowych na odzie\u017cy i gad\u017cetach. Czy mo\u017cna wskaza\u0107 jedn\u0105, najlepsz\u0105 metod\u0119? Nie do ko\u0144ca \u2013 poniewa\u017c r\u00f3\u017cne techniki nadruku...<\/p>","protected":false},"author":1,"featured_media":0,"parent":0,"menu_order":0,"comment_status":"open","ping_status":"open","template":"","meta":{"_vp_format_video_url":"","_vp_image_focal_point":[],"footnotes":""},"class_list":["post-75","page","type-page","status-publish","hentry"],"_links":{"self":[{"href":"https:\/\/printing-season.com\/en\/wp-json\/wp\/v2\/pages\/75","targetHints":{"allow":["GET"]}}],"collection":[{"href":"https:\/\/printing-season.com\/en\/wp-json\/wp\/v2\/pages"}],"about":[{"href":"https:\/\/printing-season.com\/en\/wp-json\/wp\/v2\/types\/page"}],"author":[{"embeddable":true,"href":"https:\/\/printing-season.com\/en\/wp-json\/wp\/v2\/users\/1"}],"replies":[{"embeddable":true,"href":"https:\/\/printing-season.com\/en\/wp-json\/wp\/v2\/comments?post=75"}],"version-history":[{"count":2,"href":"https:\/\/printing-season.com\/en\/wp-json\/wp\/v2\/pages\/75\/revisions"}],"predecessor-version":[{"id":337,"href":"https:\/\/printing-season.com\/en\/wp-json\/wp\/v2\/pages\/75\/revisions\/337"}],"wp:attachment":[{"href":"https:\/\/printing-season.com\/en\/wp-json\/wp\/v2\/media?parent=75"}],"curies":[{"name":"wp","href":"https:\/\/api.w.org\/{rel}","templated":true}]}}