{"id":76,"date":"2020-01-03T00:00:00","date_gmt":"2020-01-02T23:00:00","guid":{"rendered":"https:\/\/dev.speedyweb.pl\/printing-season\/sitodruk-nadruk-na-koszulkach\/"},"modified":"2020-11-12T17:11:41","modified_gmt":"2020-11-12T16:11:41","slug":"sitodruk-nadruk-na-koszulkach","status":"publish","type":"page","link":"https:\/\/printing-season.com\/en\/printing-techniques\/screen-printing-on-t-shirts\/","title":{"rendered":"Screen printing on T-shirts"},"content":{"rendered":"<h1>Sitodruk \u2013 najlepsza technika druku na koszulkach<\/h1>\n<h2>What is screen printing?<\/h2>\n<p><a href=\"https:\/\/printing-season.com\/en\/the-difference-between-manual-and-automatic-printing\/\">Screen printing<\/a> to technika druku, w ramach kt\u00f3rej przygotowuje si\u0119 szablon (grafik\u0119), na\u0142o\u017con\u0105 na drobn\u0105 siatk\u0119. Farba jest przeciskana przez wcze\u015bniej przygotowan\u0105 matryc\u0119, powielaj\u0105c obrazek na odpowiednio przygotowanym materiale. Efekt? Pi\u0119kny wydruk wysokiej jako\u015bci, charakteryzuj\u0105cy si\u0119 du\u017c\u0105 wytrzyma\u0142o\u015bci\u0105.<\/p>\n<p>Technika sitodruku umo\u017cliwia wykonywanie szczeg\u00f3\u0142owych nadruk\u00f3w niemal ka\u017cdego rodzaju i koloru. To te\u017c najlepszy wyb\u00f3r dla projekt\u00f3w bardziej nietypowych. Grafika z po\u0142yskuj\u0105cym srebrem na koszulce? Neonowe, rzucaj\u0105ce si\u0119 w oczy barwy? Wypuk\u0142e <a href=\"https:\/\/printing-season.com\/en\/\">T-shirt printing<\/a>? Sitodruk pozwala na osi\u0105gni\u0119cie odpowiedniego efektu. Dodatkowo, dzi\u0119ki mo\u017cliwo\u015bci u\u017cycia r\u00f3\u017cnego rodzaju farb nadruk mo\u017ce zosta\u0107 naniesiony na odzie\u017c wykonan\u0105 z r\u00f3\u017cnych materia\u0142\u00f3w, zar\u00f3wno w jasnych, jak i ciemnych kolorach. Ta technika obecnie najcz\u0119\u015bciej jest wykorzystywana do nak\u0142adania nadruk\u00f3w na odzie\u017c. Szczeg\u00f3ln\u0105 popularno\u015bci\u0105 cieszy si\u0119 sitodruk na koszulkach albo torbach. Mo\u017cna si\u0119 jednak spotka\u0107 tak\u017ce z sitodrukiem na szkle, metalu czy kartonie.<\/p>\n<p>Sitodruk to metoda, kt\u00f3rej zalety doceniane s\u0105 od setek lat. Zosta\u0142a zainspirowana drukiem szablonowym, od tysi\u0119cy lat stosowanym na Dalekim Wschodzie, a za jej ojczyzn\u0119 uznaje si\u0119 Japoni\u0119. Z biegiem czasu technika ta by\u0142a udoskonala i dzi\u015b spo\u015br\u00f3d wielu technik druku to w\u0142a\u015bnie sitodruk gwarantuje dobre krycie wszelkich materia\u0142\u00f3w tekstylnych oraz najwy\u017csz\u0105 trwa\u0142o\u015b\u0107 nadruku. Woda, pranie, promieniowanie UV nie s\u0105 straszne ubraniom zadrukowanym przez nas metod\u0105 sitodruku. Wszystko dzi\u0119ki du\u017cej staranno\u015bci wykonania nadruku oraz za spraw\u0105 r\u00f3\u017cnych rodzaj\u00f3w farb, kt\u00f3re dobieramy w zale\u017cno\u015bci od rodzaju aplikacji i materia\u0142u, na jaki maj\u0105 zosta\u0107 na\u0142o\u017cone.<\/p>\n<h2>At Printing Season for screen printing method we use :<\/h2>\n<p><img decoding=\"async\" src=\"https:\/\/dhtestprinting.pl\/wp-content\/uploads\/elementor\/thumbs\/Plastizol-uai-516x516-1-okc8lob6yfp9av8212gany95ql106638culvzicdac.jpg\" title=\"Plastizol-uai-516\u00d7516\" alt=\"Plastizol-uai-516x516\"><br \/>\n<img decoding=\"async\" src=\"https:\/\/dhtestprinting.pl\/wp-content\/uploads\/elementor\/thumbs\/Wodne-uai-516x516-1-okc8o5luzp3hxtmcjn1uqtpy66svhexqd4l0ksnyv8.jpg\" title=\"Wodne-uai-516\u00d7516\" alt=\"Wodne-uai-516x516\"><br \/>\n<img decoding=\"async\" src=\"https:\/\/dhtestprinting.pl\/wp-content\/uploads\/elementor\/thumbs\/Wywabowe-uai-516x516-1-okc8oqab61vt18sb6vzn9oi38nyy6r7tryxp4vtb2c.jpg\" title=\"Wywabowe-uai-516\u00d7516\" alt=\"Wywabowe-uai-516x516\"><\/p>\n<h2>Plastisol inks<\/h2>\n<p>Plastisol inks are used for both simple and more complex graphics. This type of paint allows precise reproduction of details, use of the entire colour palette, and at the same time has the fewest technical limitations. Due to its high density and ease of covering, it is the ideal choice for dark surfaces. If cotton garments come through our screen - plastisol inks are our number one choice!<\/p>\n<h2>Water-based inks<\/h2>\n<p>Water-based inks are ideal for screen-printing on light-coloured fabrics and produce remarkably vivid colours. They are perfect for colourful, detailed patterns - watercolours can be used on dense mesh, which guarantees sharp graphics. Prints made with them are soft, durable and odourless (water-based inks are odourless and considered to be ecological!).<\/p>\n<h2>Discharge inks<\/h2>\n<p>Farby wywabowe to innowacyjne \u015brodki wywabiaj\u0105ce kolor, stworzone specjalnie z my\u015bl\u0105 o metodzie sitodruku! U\u017cyte substancje usuwaj\u0105 cz\u0119\u015b\u0107 pigmentu z materia\u0142u, pozostawiaj\u0105c idealnie g\u0142adki, niewyczuwalny w dotyku wz\u00f3r. Farby wywabowe stosowane s\u0105 zwykle na tkaninach ciemnych, najlepiej wykonanych z bawe\u0142ny.<\/p>\n<h2>CMYK inks<\/h2>\n<p>Do you need DTG quality printing? We can help with this as well, using our CMYK ink system! This allows us to reproduce colours and graphic details perfectly in print - on both light and dark fabrics.<\/p>\n<h2>Jak przebiega proces druku w Printing Season?<\/h2>\n<p>Nadruki powstaj\u0105ce w pracowni sitodruku s\u0105 szczeg\u00f3\u0142owe i trwa\u0142e\u2026 o ile zostan\u0105 przygotowane ze staranno\u015bci\u0105 na ka\u017cdym etapie produkcji \u2013 od przygotowania wzoru a\u017c po suszenie gotowego nadruku. W jaki spos\u00f3b tworzymy nadruki w Printing Season?<\/p>\n<p><strong>The first step is to establish the details with the client.<\/strong><\/p>\n<p>Na samym pocz\u0105tku trzeba ustali\u0107 nie tylko wz\u00f3r nadruku, ale te\u017c rodzaj i kolor materia\u0142u, na kt\u00f3ry ma by\u0107 on naniesiony. Grafika musi zosta\u0107 odpowiednio przygotowana w zale\u017cno\u015bci od tego, na jakiej tkaninie b\u0119dzie naniesiona. Od tych czynnik\u00f3w zale\u017cy te\u017c wyb\u00f3r farb, kt\u00f3re pozwol\u0105 uzyska\u0107 najlepszy efekt. W Printing Season oferujemy zar\u00f3wno mo\u017cliwo\u015b\u0107 naniesienia grafik przygotowanych przez klienta, jak us\u0142ug\u0119 zaprojektowania wzoru.<\/p>\n<p><strong>We then prepare files with graphics.<\/strong><\/p>\n<p>If the print is going to be multi-coloured, we prepare the colour separation using specialist software and our many years of experience - to make sure that the colours in the print are reproduced as accurately as possible. In case of dark fabrics, we saturate the colours and select an appropriate line size. The finished file goes to the printing house, where a plate is made, which professionally is called a diapositive. Finally, it is time to choose a screen with the right grid density. This is chosen depending on the graphics and the type of ink to be used. The next stage involves exposing the screen together with the print design.<\/p>\n<p><strong>Nanoszenie farby na odzie\u017c.<\/strong><\/p>\n<p>We apply every colour separately to the material. Each requires also a separate matrix. (Due to this, the cost of multi-colour prints is higher.) This procedure guarantees that the finished print will be detailed and that the colours of the graphic will be accurately reproduced in print.<\/p>\n<p>The finished print is fixed and thoroughly dried. And finally - we get a completed product, a beautifully decorated t-shirt, bag or cap. Thanks to the combination of modern technology, experience, the latest ink system and traditional technique, we obtain soft, precisely made applications, preserving all the details of the graphics.<\/p>\n<p><img loading=\"lazy\" decoding=\"async\" src=\"http:\/\/dhtestprinting.pl\/wp-content\/uploads\/2020\/01\/DRQ_7296-28-uai-1308x560-1.jpg\" alt=\"\" width=\"1308\" height=\"560\"><\/p>\n<h2>Od czego zale\u017cy cena us\u0142ugi sitodruku?<\/h2>\n<p>W parze z wysok\u0105 jako\u015bci\u0105 wydruku i du\u017cymi mo\u017cliwo\u015bciami sitodruk ma jeszcze jedn\u0105 zalet\u0119 \u2013 nisk\u0105 cen\u0119 przy du\u017cej ilo\u015bci zam\u00f3wie\u0144! Wykonanie nadruku staje si\u0119 op\u0142acalne ju\u017c przy nak\u0142adzie dwudziestu sztuk, a im wi\u0119ksze zapotrzebowanie, tym ni\u017cszy koszt jednostkowy. Dodatkowo, na cen\u0119 ma wp\u0142yw ilo\u015b\u0107 kolor\u00f3w, kt\u00f3re maj\u0105 zosta\u0107 wykorzystane w grafice. Dro\u017cszy b\u0119dzie tak\u017ce sitodruk wielkoformatowy. Cennik sitodruku opracowywany jest wi\u0119c zawsze indywidualne \u2013 w zale\u017cno\u015bci od rodzaju grafiki oraz ilo\u015bci zam\u00f3wionego towaru. Z tego wzgl\u0119du nadruk metod\u0105 sitodruku jest szczeg\u00f3lnie op\u0142acalny na przyk\u0142ad przy zamawianiu koszulek i gad\u017cet\u00f3w firmowych, eventowych, muzycznych czy nadruk\u00f3w reklamowych w du\u017cych ilo\u015bciach.<\/p>\n<p>In addition, the price of the final screen printing order is also influenced by the scope of services (it is possible to order a graphic design as well) and the cost of the garment to be decorated.<\/p>\n<h2>Why should I choose screen printing?<\/h2>\n<p>Sitodruk zapewnia wysok\u0105 jako\u015b\u0107, precyzj\u0119 i trwa\u0142o\u015b\u0107 nadruku, odpornego na pranie i nieblakn\u0105cego pod wp\u0142ywem promieni s\u0142onecznych. Pozwala na naniesienie wzoru zar\u00f3wno na materia\u0142y jasne, jak i ciemne, daje te\u017c mo\u017cliwo\u015b\u0107 umieszczenia na nich ciekawszych aplikacji \u2013 wypuk\u0142ych czy b\u0142yszcz\u0105cych. \u015awietnie sprawdza si\u0119 przy zadruku odzie\u017cy, gad\u017cet\u00f3w takich jak <a href=\"https:\/\/printing-season.com\/en\/promotional-clothing\/bags-printed\/\">bags<\/a> oraz powierzchni p\u0142askich. Przy wi\u0119kszych zam\u00f3wieniach koszt sitodruku jest relatywnie niski, to wi\u0119c pierwszy wyb\u00f3r w przypadku du\u017cego zapotrzebowania.<\/p>\n<p>On the other hand, it is better not to opt for screen printing if you want to order only a few pieces. The unit cost in this case is too high. Therefore, we invite individuals and companies that need at least twenty prints to place their orders.<\/p>","protected":false},"excerpt":{"rendered":"<p>Sitodruk \u2013 najlepsza technika druku na koszulkach Czym jest sitodruk? Sitodruk to technika druku, w ramach kt\u00f3rej przygotowuje si\u0119 szablon (grafik\u0119), na\u0142o\u017con\u0105 na drobn\u0105 siatk\u0119. Farba jest przeciskana przez wcze\u015bniej...<\/p>","protected":false},"author":1,"featured_media":0,"parent":75,"menu_order":0,"comment_status":"open","ping_status":"open","template":"","meta":{"_vp_format_video_url":"","_vp_image_focal_point":[],"footnotes":""},"class_list":["post-76","page","type-page","status-publish","hentry"],"_links":{"self":[{"href":"https:\/\/printing-season.com\/en\/wp-json\/wp\/v2\/pages\/76","targetHints":{"allow":["GET"]}}],"collection":[{"href":"https:\/\/printing-season.com\/en\/wp-json\/wp\/v2\/pages"}],"about":[{"href":"https:\/\/printing-season.com\/en\/wp-json\/wp\/v2\/types\/page"}],"author":[{"embeddable":true,"href":"https:\/\/printing-season.com\/en\/wp-json\/wp\/v2\/users\/1"}],"replies":[{"embeddable":true,"href":"https:\/\/printing-season.com\/en\/wp-json\/wp\/v2\/comments?post=76"}],"version-history":[{"count":1,"href":"https:\/\/printing-season.com\/en\/wp-json\/wp\/v2\/pages\/76\/revisions"}],"predecessor-version":[{"id":333,"href":"https:\/\/printing-season.com\/en\/wp-json\/wp\/v2\/pages\/76\/revisions\/333"}],"up":[{"embeddable":true,"href":"https:\/\/printing-season.com\/en\/wp-json\/wp\/v2\/pages\/75"}],"wp:attachment":[{"href":"https:\/\/printing-season.com\/en\/wp-json\/wp\/v2\/media?parent=76"}],"curies":[{"name":"wp","href":"https:\/\/api.w.org\/{rel}","templated":true}]}}