{"id":77,"date":"2020-01-03T00:00:00","date_gmt":"2020-01-02T23:00:00","guid":{"rendered":"https:\/\/dev.speedyweb.pl\/printing-season\/termotransfer-cyfrowe-nadruki-na-koszulkach-i-czapkach\/"},"modified":"2020-11-07T15:28:15","modified_gmt":"2020-11-07T14:28:15","slug":"termotransfer-cyfrowe-nadruki","status":"publish","type":"page","link":"https:\/\/printing-season.com\/en\/printing-techniques\/thermo-transfer-digital-printing\/","title":{"rendered":"Thermal transfer digital printing"},"content":{"rendered":"<h1>Thermal transfer digital printing on T-shirts!<\/h1>\n<p>Termotransfer (niekiedy okre\u015blany te\u017c termonadrukiem) to technika druku umo\u017cliwiaj\u0105ca wykonanie nadruku poprzez wgrzanie rysunku (przygotowanego wcze\u015bniej na papierze albo specjalnej folii) w tkanin\u0119. Wykorzystywany jest do nak\u0142adania print\u00f3w na odzie\u017c na koszulkach, czapkach, bluzach i tak dalej...<\/p>\n<h2>Flex &amp; flock foils<\/h2>\n<p><img loading=\"lazy\" decoding=\"async\" src=\"http:\/\/dhtestprinting.pl\/wp-content\/uploads\/2020\/01\/foto_text_3.jpg\" alt=\"\" width=\"1308\" height=\"560\"><\/p>\n<p>Nadruk termotransferowy mo\u017cna wykona\u0107 za po\u015brednictwem folii typu <a href=\"https:\/\/printing-season.com\/en\/printing-techniques\/films-flex-i-flock\/\">flex<\/a> lub flock. Ta pierwsza folia jest cie\u0144sza i pozwala na otrzymanie g\u0142adkiego, sztywnego nadruku. Flock jest natomiast foli\u0105 grubsz\u0105, z charakterystyczn\u0105, aksamitn\u0105, \u201emeszkow\u0105\u201d struktur\u0105. Odpowiednio przygotowana folia, du\u017ca si\u0142a docisku oraz wysoka temperatura s\u0105 konieczne, aby jako\u015b\u0107 nadruk\u00f3w flex\/flock by\u0142a wystarczaj\u0105ca.<\/p>\n<p>This type of printing is relatively cheap (start-up costs are small), quick to prepare and can be successfully used for the production of single copies. It works well for simple inscriptions or symbols on textiles. It can also be easily used where overprinting with other methods is difficult or impossible.<\/p>\n<p>Both flex and flock ensure perfect colour coverage and are considered to be fairly durable. However, they are rarely used to transfer more complex graphics onto garments - especially those with tonal transitions between colours or with small elements. The number of colours that can be used for flex or flox prints is also limited.<\/p>\n<h2>Screen printing transfer<\/h2>\n<p>Metoda ta bywa okre\u015blana mianem \u201esitodruku po\u015bredniego\u201d albo \u201eplastizolowego\u201d. Wydruk (kt\u00f3ry ma p\u00f3\u017aniej zosta\u0107 naniesiony na tkanin\u0119) pierwotnie wykonywany jest na papierze lub folii termotranferowej metod\u0105 sitodruku. Gotowy rysunek jest wprasowywany w tkanin\u0119 w wysokiej temperaturze. Dla uzyskania wysokiej jako\u015bci kluczowe s\u0105 prawid\u0142owe przygotowanie grafiki, wysoka temperatura, du\u017cy docisk oraz odpowiedni czas wgrzewania.<\/p>\n<p>Termotransfer sitodrukowy pozwala na uzyskanie nadruk\u00f3w wysokiej jako\u015bci \u2013 podobnej do tej, jak\u0105 gwarantuje tradycyjny <a href=\"https:\/\/printing-season.com\/en\/printing-techniques\/screen-printing-on-t-shirts\/\">silkscreen printing<\/a>. <a href=\"https:\/\/printing-season.com\/en\/\">Prints<\/a> wykonane t\u0105 metod\u0105 wiernie oddaj\u0105 grafik\u0119, tak\u017ce bardziej skomplikowan\u0105. Mo\u017ce by\u0107 stosowany na r\u00f3\u017cnorodnych tkaninach \u2013 na przyk\u0142ad bawe\u0142nie, poliestrze czy jucie. Uzyskany nadruk jest trwa\u0142y, elastyczny, wysokiej jako\u015bci.<\/p>\n<p>Po przygotowaniu rysunku na folii przenoszenie nadruk\u00f3w nie zabiera te\u017c wiele czasu. Print wykonany w ten spos\u00f3b jest g\u0142adki i dobrze kryje (niezale\u017cnie od materia\u0142u i koloru pod\u0142o\u017ca). Dodatkowo, mo\u017ce by\u0107 z powodzeniem na\u0142o\u017cony na elementy odzie\u017cy trudniej dost\u0119pne (na przyk\u0142ad umieszczenie nadruku na <a href=\"https:\/\/printing-season.com\/en\/promotional-clothing\/printed-hats\/\">cap<\/a> nie jest mo\u017cliwe wszystkimi metodami druku).<\/p>\n<p>W przypadku druku sitodrukowego do\u015b\u0107 wysoki jest jednak koszt pocz\u0105tkowy, przez co staje si\u0119 on op\u0142acalny g\u0142\u00f3wnie przy wi\u0119kszych nak\u0142adach. Nadruku (nanoszonego w wysokiej temperaturze) nie nale\u017cy te\u017c prasowa\u0107 \u017celazkiem. Dodatkowo, materia\u0142 w miejscu umieszczenia nadruku nie oddycha \u2013 odradza si\u0119 wi\u0119c nak\u0142adanie na ubrania (zw\u0142aszcza <a href=\"https:\/\/printing-season.com\/en\/promotional-clothing\/printed-shirts\/\">printed T-shirts<\/a>) termotransferu bardzo du\u017cego, zajmuj\u0105cego wi\u0119kszo\u015b\u0107 ich powierzchni.<\/p>\n<h2>Digital thermal transfer<\/h2>\n<p>Nowoczesna metoda termotransferu cyfrowego to hybryda druku cyfrowego oraz tradycyjnego transferu sitodrukowego. Po\u0142\u0105czenie tych dw\u00f3ch typ\u00f3w druku daje du\u017ce mo\u017cliwo\u015bci przy nanoszeniu nadruk\u00f3w bardzo skomplikowanych, zachowuj\u0105c szczeg\u00f3\u0142owo\u015b\u0107 i przej\u015bcia tonalne. Ta technika nadruku zazwyczaj stosowana jest w przypadku odzie\u017cy wykonanej z bawe\u0142ny. Nadruki na ubraniu, wykonane transferem cyfrowym, s\u0105 r\u00f3wnie trwa\u0142e, jak te wykonane sitodrukiem, mog\u0105 by\u0107 szybko na\u0142o\u017cone i charakteryzuj\u0105 si\u0119 wysok\u0105 jako\u015bci\u0105.<\/p>\n<p>Z tego rodzaju druku, ze wzgl\u0119du na jego koszty, warto korzysta\u0107 szczeg\u00f3lnie przy mniejszych nak\u0142adach (od kilkunastu do kilkudziesi\u0119ciu). W przypadku wi\u0119kszych zam\u00f3wie\u0144 bardziej op\u0142acalny staje si\u0119 sitodruk.<\/p>","protected":false},"excerpt":{"rendered":"<p>Termotransfer cyfrowe nadruki na koszulkach! Termotransfer (niekiedy okre\u015blany te\u017c termonadrukiem) to technika druku umo\u017cliwiaj\u0105ca wykonanie nadruku poprzez wgrzanie rysunku (przygotowanego wcze\u015bniej na papierze albo specjalnej folii) w tkanin\u0119. Wykorzystywany jest...<\/p>","protected":false},"author":1,"featured_media":0,"parent":75,"menu_order":0,"comment_status":"open","ping_status":"open","template":"","meta":{"_vp_format_video_url":"","_vp_image_focal_point":[],"footnotes":""},"class_list":["post-77","page","type-page","status-publish","hentry"],"_links":{"self":[{"href":"https:\/\/printing-season.com\/en\/wp-json\/wp\/v2\/pages\/77","targetHints":{"allow":["GET"]}}],"collection":[{"href":"https:\/\/printing-season.com\/en\/wp-json\/wp\/v2\/pages"}],"about":[{"href":"https:\/\/printing-season.com\/en\/wp-json\/wp\/v2\/types\/page"}],"author":[{"embeddable":true,"href":"https:\/\/printing-season.com\/en\/wp-json\/wp\/v2\/users\/1"}],"replies":[{"embeddable":true,"href":"https:\/\/printing-season.com\/en\/wp-json\/wp\/v2\/comments?post=77"}],"version-history":[{"count":1,"href":"https:\/\/printing-season.com\/en\/wp-json\/wp\/v2\/pages\/77\/revisions"}],"predecessor-version":[{"id":328,"href":"https:\/\/printing-season.com\/en\/wp-json\/wp\/v2\/pages\/77\/revisions\/328"}],"up":[{"embeddable":true,"href":"https:\/\/printing-season.com\/en\/wp-json\/wp\/v2\/pages\/75"}],"wp:attachment":[{"href":"https:\/\/printing-season.com\/en\/wp-json\/wp\/v2\/media?parent=77"}],"curies":[{"name":"wp","href":"https:\/\/api.w.org\/{rel}","templated":true}]}}