{"id":78,"date":"2020-01-03T00:00:00","date_gmt":"2020-01-02T23:00:00","guid":{"rendered":"https:\/\/dev.speedyweb.pl\/printing-season\/odziez-koszulki-reklamowe\/"},"modified":"2020-11-07T15:29:42","modified_gmt":"2020-11-07T14:29:42","slug":"odziez-reklamowa","status":"publish","type":"page","link":"https:\/\/printing-season.com\/en\/promotional-clothing\/","title":{"rendered":"Promotional clothing"},"content":{"rendered":"<h1>Odzie\u017c reklamowa \u2013 doskona\u0142e narz\u0119dzie promocji!<\/h1>\n<p>Szukasz ciekawych form promocji, kt\u00f3re pozwol\u0105 lepiej rozreklamowa\u0107 Twoj\u0105 firm\u0119, produkt albo organizowane wydarzenie? Potrzebujesz atrakcyjnych upomink\u00f3w dla klient\u00f3w? A mo\u017ce chcesz sprzedawa\u0107 gad\u017cety dla fan\u00f3w albo uczestnik\u00f3w eventu? Je\u015bli odpowied\u017a na kt\u00f3regokolwiek z pyta\u0144 brzmi tak \u2013 odzie\u017c reklamowa b\u0119dzie doskona\u0142ym wyborem!<\/p>\n<h2>Promotional clothing for companies<\/h2>\n<p>Odbiorcy bardzo cz\u0119sto ignoruj\u0105 tradycyjne reklamy na bilbordach i plakatach, w telewizji czy na stronach internetowych. Wr\u0119czane ulotki w\u0119druj\u0105 do \u015bmieci, notesy i d\u0142ugopisy z logo \u0142atwo gin\u0105. Ubrania reklamowe natomiast b\u0119d\u0105 ch\u0119tnie przyj\u0119te przez pracownik\u00f3w czy klient\u00f3w, buduj\u0105c pozytywny wizerunek firmy i utrwalaj\u0105c pami\u0119\u0107 o marce czy reklamuj\u0105c jej produkty. Z kolei gdy klienci zaczn\u0105 je nosi\u0107 \u2013 stanie si\u0119 to dodatkow\u0105 reklam\u0105. Logo czy nazwa firmy \u201ewyjd\u0105 na ulice\u201d, pod postaci\u0105 <a href=\"https:\/\/printing-season.com\/en\/\">print on the T-shirt<\/a>, czapce czy <a href=\"https:\/\/printing-season.com\/en\/promotional-clothing\/bags-printed\/\">bag<\/a>, dzi\u0119ki temu wi\u0119cej os\u00f3b zacznie je kojarzy\u0107.<\/p>\n<h2>Odzie\u017c reklama \u2013 na event, konwent, koncert?<\/h2>\n<p><a href=\"https:\/\/printing-season.com\/en\/promotional-clothing\/printed-shirts\/\">Koszulki reklamowe<\/a> z odpowiednim nadrukiem mog\u0105 s\u0142u\u017cy\u0107 nie tylko jako gad\u017cety firmowe. To tak\u017ce nie lada gratka dla uczestnik\u00f3w imprez masowych oraz fan\u00f3w \u2013 zespo\u0142u muzycznego, filmu, rysownika, ksi\u0105\u017cki\u2026 S\u0142u\u017c\u0105 one podw\u00f3jnemu celowi: z jednej strony noszone b\u0119d\u0105 doskona\u0142\u0105 reklam\u0105 , z drugiej stanowi\u0105 form\u0119 zarobkowania. Przy zakupie w hurcie cena pojedynczych sztuk ubra\u0144 z nadrukiem jest niezbyt wysoka, wi\u0119c p\u00f3\u017aniej mo\u017cna zarobi\u0107, oferuj\u0105c j\u0105 fanom nieco dro\u017cej. Takie ubrania to nie lada gratka dla fan\u00f3w i ch\u0119tnie s\u0105 kupowane \u2013 w ramach pami\u0105tki, prezentu albo manifestacji pogl\u0105d\u00f3w lub zainteresowa\u0144.<\/p>\n<h2>Which promotional clothing should I choose?<\/h2>\n<p>Czasem spotyka si\u0119 odzie\u017c reklamow\u0105 po prostu z logo marki, bez dodatkowej grafiki. Czy to z\u0142y pomys\u0142? Oczywi\u015bcie, \u017ce nie! Je\u015bli jednak chcesz, aby ubrania przygotowane dla Twoich klient\u00f3w naprawd\u0119 si\u0119 im spodoba\u0142y, a noszone przyci\u0105ga\u0142y spojrzenia, warto zadba\u0107 o to, aby nadruk by\u0142 ciekawy i zwracaj\u0105cy uwag\u0119. Ten cel mo\u017cna osi\u0105gn\u0105\u0107 na r\u00f3\u017cne sposoby. Umieszczaj\u0105c na ubraniu zapadaj\u0105cy w pami\u0119\u0107 cytat, atrakcyjny wizualnie rysunek albo wykorzystuj\u0105c bardziej efektowne aplikacje \u2013 kolorowe, wypuk\u0142e, z mieni\u0105cym si\u0119 z\u0142otem b\u0105d\u017a srebrem. Im bardziej interesuj\u0105cy nadruk, tym wi\u0119ksze szanse, \u017ce posiadacz ubrania b\u0119dzie je nosi\u0142, a inni \u2013 zwr\u00f3c\u0105 uwag\u0119 na grafik\u0119.<\/p>\n<p>Najcz\u0119\u015bciej odzie\u017c reklamowa to t-shirty. Klasyczne t-shirty ciesz\u0105 si\u0119 du\u017c\u0105 popularno\u015bci\u0105, s\u0105 uniwersalne, nadaj\u0105 si\u0119 na r\u00f3\u017cne okazje, nigdy nie wychodz\u0105 z mody i \u0142atwo zam\u00f3wi\u0107 ich du\u017ce ilo\u015bci pod nadruk w atrakcyjnej cenie. Poza nimi mo\u017cna jednak zdecydowa\u0107 si\u0119 te\u017c na przyk\u0142ad na bluzy, podkoszulki, koszule polo, <a href=\"https:\/\/printing-season.com\/en\/promotional-clothing\/printed-hats\/\">caps<\/a> albo kurtki.<\/p>\n<p>Odzie\u017c reklamowa to wizyt\u00f3wka marki. Warto wi\u0119c zadba\u0107 o jej jako\u015b\u0107. Tanie, cienkie koszulki, z niestarannie wykonanym nadrukiem, kt\u00f3ry spierze si\u0119 w pierwszym praniu, nie spe\u0142ni\u0105 swojej roli. Posiadacze takich ubra\u0144 szybko wrzuc\u0105 je na dno szafy albo do kosza, a szybkie uszkodzenie nadruku mo\u017ce wywo\u0142a\u0107 irytacj\u0119 oraz zniech\u0119ci\u0107 klienta czy fana do marki.<\/p>\n<h2>Promotional clothing at Printing-Season<\/h2>\n<p>Potrzebujesz du\u017cej ilo\u015bci odzie\u017cy reklamowej? Zg\u0142o\u015b si\u0119 do nas. Nie tylko mamy du\u017ce do\u015bwiadczenie w tym wzgl\u0119dzie, ale tak\u017ce \u015bwiadczymy kompleksowe us\u0142ugi, a nadruki umieszczamy na odzie\u017cy promocyjnej technik\u0105 sitodruku \u2013 gwarantuj\u0105c\u0105 doskona\u0142y efekt i nisk\u0105 cen\u0119.<\/p>\n<p>Mo\u017cesz zam\u00f3wi\u0107 u nas nie tylko samo umieszczenie nadruku, ale tak\u017ce zaprojektowanie grafiki od zera. Ponadto szyjemy ubrania oraz dysponujemy du\u017c\u0105 kolekcj\u0105 odzie\u017cy dost\u0119pnej od r\u0119ki \u2013 wykorzystanie gotowych wzor\u00f3w przyspiesza realizacj\u0119 zam\u00f3wienia. Dzi\u0119ki temu istnieje mo\u017cliwo\u015b\u0107 przeprowadzenia ca\u0142ego procesu przygotowania odzie\u017cy reklamowej w jednym miejscu \u2013 od projektu grafiki a\u017c po nadruk.<\/p>\n<p>W Printing Season pos\u0142ugujemy si\u0119 metod\u0105 sitodruku, \u015bwietn\u0105 w przypadku du\u017cych zam\u00f3wie\u0144. Pozwala nam ona na dok\u0142adne oddanie szczeg\u00f3\u0142\u00f3w i kolor\u00f3w grafiki oraz zastosowanie nietypowych efekt\u00f3w. W zale\u017cno\u015bci od zastosowanych farb, znakowanie odzie\u017cy wykonujemy na materia\u0142ach jasnych, ciemnych, kolorowych, wykonanych z bawe\u0142ny albo innego materia\u0142u.<\/p>\n<p>W przypadku sitodruku obowi\u0105zuje te\u017c zasada \u201eim wi\u0119cej, tym taniej\u201d. Odzie\u017c reklamow\u0105 zamawia si\u0119 zwykle w du\u017cych ilo\u015bciach, co pozwala zmniejszy\u0107 koszt pojedynczego egzemplarza. Dodatkowo, nak\u0142adane przez nas nadruki, s\u0105 bardzo trwa\u0142e. Pranie, s\u0142o\u0144ce, cz\u0119ste noszenie? Nadruk nie zetrze si\u0119 ani nie straci szybko kolor\u00f3w, jak zdarza si\u0119 cz\u0119sto w przypadku druk\u00f3w s\u0142abej jako\u015bci.<\/p>\n<p>If you want to learn more about this field - please visit the subcategory \"Screen printing\".<\/p>\n<h4><\/h4>\n<h2>Jak przygotowa\u0107 plik do druku?<\/h2>\n<p>W\u0142asn\u0105 grafik\u0119 (albo logo, kt\u00f3re ma sta\u0107 si\u0119 cz\u0119\u015bci\u0105 naszego<br \/>\nprojektu) nale\u017cy zapisa\u0107 w rozmiarze docelowym i minimalnej<br \/>\nrozdzielczo\u015bci 300 dpi. Nale\u017cy pami\u0119ta\u0107, aby projekt by\u0142 zapisany bez t\u0142a, najlepiej w formacie .png lub .psd. Grafiki wektorowe powinny zosta\u0107 przes\u0142ane w<br \/>\nkrzywych, w formacie .pdf lub .ai jako \"czyste\" krzywe, bez maskowania.<\/p>\n<p><img loading=\"lazy\" decoding=\"async\" src=\"https:\/\/dhtestprinting.pl\/wp-content\/uploads\/2020\/01\/DRQ_7356-31-uai-858x858-1.jpg\" alt=\"\" srcset=\"https:\/\/dhtestprinting.pl\/wp-content\/uploads\/2020\/01\/DRQ_7356-31-uai-858x858-1.jpg 858w, https:\/\/dhtestprinting.pl\/wp-content\/uploads\/2020\/01\/DRQ_7356-31-uai-858x858-1-300x300.jpg 300w, https:\/\/dhtestprinting.pl\/wp-content\/uploads\/2020\/01\/DRQ_7356-31-uai-858x858-1-150x150.jpg 150w, https:\/\/dhtestprinting.pl\/wp-content\/uploads\/2020\/01\/DRQ_7356-31-uai-858x858-1-768x768.jpg 768w, https:\/\/dhtestprinting.pl\/wp-content\/uploads\/2020\/01\/DRQ_7356-31-uai-858x858-1-230x230.jpg 230w, https:\/\/dhtestprinting.pl\/wp-content\/uploads\/2020\/01\/DRQ_7356-31-uai-858x858-1-400x400.jpg 400w, https:\/\/dhtestprinting.pl\/wp-content\/uploads\/2020\/01\/DRQ_7356-31-uai-858x858-1-600x600.jpg 600w, https:\/\/dhtestprinting.pl\/wp-content\/uploads\/2020\/01\/DRQ_7356-31-uai-858x858-1-640x640.jpg 640w\" sizes=\"auto, (max-width: 858px) 100vw, 858px\" width=\"858\" height=\"858\"><\/p>","protected":false},"excerpt":{"rendered":"<p>Odzie\u017c reklamowa \u2013 doskona\u0142e narz\u0119dzie promocji! Szukasz ciekawych form promocji, kt\u00f3re pozwol\u0105 lepiej rozreklamowa\u0107 Twoj\u0105 firm\u0119, produkt albo organizowane wydarzenie? Potrzebujesz atrakcyjnych upomink\u00f3w dla klient\u00f3w? A mo\u017ce chcesz sprzedawa\u0107 gad\u017cety...<\/p>","protected":false},"author":1,"featured_media":0,"parent":0,"menu_order":0,"comment_status":"open","ping_status":"closed","template":"","meta":{"_vp_format_video_url":"","_vp_image_focal_point":[],"footnotes":""},"class_list":["post-78","page","type-page","status-publish","hentry"],"_links":{"self":[{"href":"https:\/\/printing-season.com\/en\/wp-json\/wp\/v2\/pages\/78","targetHints":{"allow":["GET"]}}],"collection":[{"href":"https:\/\/printing-season.com\/en\/wp-json\/wp\/v2\/pages"}],"about":[{"href":"https:\/\/printing-season.com\/en\/wp-json\/wp\/v2\/types\/page"}],"author":[{"embeddable":true,"href":"https:\/\/printing-season.com\/en\/wp-json\/wp\/v2\/users\/1"}],"replies":[{"embeddable":true,"href":"https:\/\/printing-season.com\/en\/wp-json\/wp\/v2\/comments?post=78"}],"version-history":[{"count":3,"href":"https:\/\/printing-season.com\/en\/wp-json\/wp\/v2\/pages\/78\/revisions"}],"predecessor-version":[{"id":417,"href":"https:\/\/printing-season.com\/en\/wp-json\/wp\/v2\/pages\/78\/revisions\/417"}],"wp:attachment":[{"href":"https:\/\/printing-season.com\/en\/wp-json\/wp\/v2\/media?parent=78"}],"curies":[{"name":"wp","href":"https:\/\/api.w.org\/{rel}","templated":true}]}}