{"id":79,"date":"2020-01-03T00:00:00","date_gmt":"2020-01-02T23:00:00","guid":{"rendered":"https:\/\/dev.speedyweb.pl\/printing-season\/koszulki-z-nadrukiem\/"},"modified":"2026-01-20T21:45:23","modified_gmt":"2026-01-20T20:45:23","slug":"koszulki-z-nadrukiem","status":"publish","type":"page","link":"https:\/\/printing-season.com\/en\/promotional-clothing\/printed-shirts\/","title":{"rendered":"Printed T-shirts"},"content":{"rendered":"<h1>Printed T-shirts are our speciality!<\/h1>\n<p><a href=\"https:\/\/printing-season.com\/en\/\">Printed T-shirts<\/a> to nasza specjalno\u015b\u0107! Wierzymy, \u017ce T-shirt ze spersonalizowanym wzorem wyra\u017ca wi\u0119cej ni\u017c zwyk\u0142a koszulka \u2013 i mamy wiedz\u0119 oraz mo\u017cliwo\u015bci, kt\u00f3re pozwol\u0105 przygotowa\u0107 projekt idealny dla Ciebie i Twojej firmy. Wykorzystujemy nasz\u0105 wiedz\u0119, do\u015bwiadczenie, znajomo\u015b\u0107 najnowszych trend\u00f3w, wyobra\u017ani\u0119 i nowoczesne sprz\u0119ty, by pom\u00f3c Ci kreowa\u0107 Tw\u00f3j brand!<\/p>\n<h2>We create printed T-shirts<\/h2>\n<p>Projektujemy i szyjemy koszulki, a na nich drukujemy wszystko, co przejdzie przez nasze sitko. Do ka\u017cdego projektu podchodzimy indywidualnie, dopieszczaj\u0105c najdrobniejszy szczeg\u00f3\u0142. Dobieramy odpowiednie farby, realizujemy nietypowe efekty, dbamy o to, by w 100% odzwierciedli\u0107 grafik\u0119 na koszulce. Stajemy na uszach, by sitodrukiem dor\u00f3wna\u0107 jako\u015bci druku cyfrowego i stworzy\u0107 co\u015b wi\u0119cej ni\u017c ubranie.<\/p>\n<p>Mamy do\u015bwiadczenie z przygotowywaniem koszulek firmowych, eventowych, muzycznych, reklamowych, ale nie stronimy tak\u017ce od innych projekt\u00f3w. <b>Do you need a large quantity of printed t-shirts or sweatshirts? Then contact us!<\/b><\/p>\n<p><img loading=\"lazy\" decoding=\"async\" src=\"http:\/\/dhtestprinting.pl\/wp-content\/uploads\/2020\/01\/foto_text_9.jpg\" alt=\"\" width=\"1308\" height=\"560\" \/><\/p>\n<h2>Self-printed t-shirts - is it a good idea?<\/h2>\n<p>Koszulki z ciekawym nadrukiem bywaj\u0105 traktowane nie tylko jako wygodne, modne i \u0142adne ubranie, ale te\u017c jako forma wyra\u017cania siebie albo pokazywania swoich pogl\u0105d\u00f3w czy zainteresowa\u0144. Mog\u0105 bawi\u0107, zaciekawia\u0107, przyci\u0105ga\u0107 spojrzenie, wyr\u00f3\u017cnia\u0107 osob\u0119 jako nale\u017c\u0105c\u0105 do konkretnej grupy fan\u00f3w, by\u0107 pami\u0105tk\u0105 albo doskona\u0142ym prezentem. Od lat nie wychodz\u0105 z mody i s\u0105 ch\u0119tnie noszone w codziennych stylizacjach \u2013 do szko\u0142y, na uczelni\u0119, spotkanie z przyjaci\u00f3\u0142mi czy podczas wyj\u015bcia do sklepu albo po prostu domu. Ogromn\u0105 popularno\u015bci\u0105 ciesz\u0105 si\u0119 na przyk\u0142ad koszulki nawi\u0105zuj\u0105ce do popularnych seriali i ksi\u0105\u017cek albo z zabawnymi cytatami.<\/p>\n<p>Koszulki z unikalnym nadrukiem s\u0105 ch\u0119tnie zamawiane przez osoby prywatne, zw\u0142aszcza gdy te chc\u0105 co\u015b zamanifestowa\u0107, zareklamowa\u0107 albo sprawi\u0107 komu\u015b prezent. Taka odzie\u017c to jednak nie tylko propozycja dla klienta indywidualnego, ale te\u017c doskona\u0142y spos\u00f3b promocji dla firm! W dzisiejszych czasach odbiorcy cz\u0119sto nie wierz\u0105 reklamom albo wr\u0119cz pozostaj\u0105 na nie \u015blepi. Intryguj\u0105ca koszulka za to ma du\u017c\u0105 szans\u0119 przyci\u0105gn\u0105\u0107 wzrok przechodni\u00f3w.<\/p>\n<p>Koszulki reklamowe z nadrukiem s\u0105 \u015bwietn\u0105 form\u0105 reklamy, ale i wspania\u0142\u0105 pami\u0105tk\u0105 dla tych, kt\u00f3rzy je nosz\u0105. <a href=\"https:\/\/printing-season.com\/en\/promotional-clothing\/\">Gad\u017cety reklamowe<\/a> ju\u017c od dawna uwa\u017cane s\u0105 za jeden z najlepszych sposob\u00f3w na promowanie marki \u2013 a t-shirt z odpowiednim printem to w tej kategorii \u015bwietny wyb\u00f3r. Dzi\u0119ki temu drukarnie coraz cz\u0119\u015bciej otrzymuj\u0105 zam\u00f3wienia od klient\u00f3w biznesowych, chc\u0105cych stworzy\u0107 absolutnie wyj\u0105tkowe koszulki firmowe czy reklamowe. Mog\u0105 one w nienachalny spos\u00f3b promowa\u0107 firm\u0119, zesp\u00f3\u0142, event czy inicjatyw\u0119. W firmie \u015bwietnie pos\u0142u\u017c\u0105 jako upominek dla pracownik\u00f3w albo dla klient\u00f3w, a noszone b\u0119d\u0105 te\u017c sposobem na rozreklamowanie marki, zwr\u00f3cenie uwagi i budow\u0119 pozytywnych skojarze\u0144. Je\u015bli tylko grafika jest ciekawa i dobrej jako\u015bci, mo\u017ce przyci\u0105ga\u0107 wzrok, przez co ka\u017cdy posiadacz takiego t-shirtu z nadrukiem staje si\u0119\u2026 \u017cyw\u0105 reklam\u0105! Ze wzgl\u0119du na to koszulki reklamowe, eventowe czy muzyczne ciesz\u0105 si\u0119 rosn\u0105c\u0105 popularno\u015bci\u0105.<\/p>\n<p>Koszulki z w\u0142asnym nadrukiem s\u0105 ch\u0119tnie zamawiane przez firmy, ale mog\u0105 by\u0107 \u015bwietnym gad\u017cetem tak\u017ce przy innych okazjach. Ich sprzeda\u017c towarzyszy na przyk\u0142ad takim imprezom jak koncerty czy konwenty \u2013 s\u0142u\u017c\u0105 podczas nich za gad\u017cet i pami\u0105tk\u0119 dla fan\u00f3w. Promuj\u0105 imprez\u0119, a jednocze\u015bnie organizator zamawia na ich sprzeda\u017cy. Mog\u0105 z powodzeniem s\u0142u\u017cy\u0107 chocia\u017cby zam\u00f3wione przez wydawnictwo do promocji ksi\u0105\u017cki czy przez rysownika \u2013 ozdobione wzorem z wykonanych przez niego ilustracji na pewno spodobaj\u0105 si\u0119 wielbicielom jego tw\u00f3rczo\u015bci. Zn\u00f3w: z jednej strony takie koszulki staj\u0105 si\u0119 narz\u0119dziem promocji, z drugiej mog\u0105 przynie\u015b\u0107 zysk same w sobie. \u015awietnie sprawdzaj\u0105 si\u0119 tak\u017ce podczas r\u00f3\u017cnego rodzaju zlot\u00f3w, wyr\u00f3\u017cniaj\u0105c z daleka ich uczestnik\u00f3w, a dodatkowo nawet po latach stanowi\u0105 doskona\u0142\u0105 pami\u0105tk\u0119.<\/p>\n<p><img loading=\"lazy\" decoding=\"async\" src=\"http:\/\/dhtestprinting.pl\/wp-content\/uploads\/2020\/01\/foto_text_11.jpg\" alt=\"\" width=\"1308\" height=\"560\" \/><\/p>\n<h2>Nie tylko nadruk \u2013 od projektu a\u017c po druk<\/h2>\n<p>W Printing Season \u015bwiadczymy kompleksowe us\u0142ugi w zakresie przygotowania koszulki, bluzy czy topu z nadrukiem.<\/p>\n<p>Wybra\u0142e\u015b grafik\u0119, kt\u00f3r\u0105 chcesz nadrukowa\u0107 na koszulk\u0119 reklamow\u0105? \u015awietnie \u2013 przeniesiemy gotowy wz\u00f3r na materia\u0142, dbaj\u0105c o wierne odwzorowanie kolor\u00f3w, szczeg\u00f3\u0142\u00f3w i wysok\u0105 jako\u015b\u0107 nadruku na koszulce. Dopiero poszukujesz wyj\u0105tkowego projektu? Ch\u0119tnie przygotujemy go za Ciebie! Oferujemy nie tylko us\u0142ugi zwi\u0105zane z samym procesem druku, ale tak\u017ce projektujemy wzory dla naszych klient\u00f3w. Skontaktuj si\u0119 z nami i przedstaw swoj\u0105 wizj\u0119, a my zadbamy, aby koszulki, kt\u00f3re otrzymasz by\u0142y naprawd\u0119 unikatowe i spe\u0142nia\u0142y wszystkie Twoje wymagania. Stworzymy grafik\u0119, kt\u00f3ra nie tylko b\u0119dzie atrakcyjna i \u015bwietnie zaprezentuje si\u0119 na koszulce, ale te\u017c najlepiej pos\u0142u\u017cy celom biznesowym \u2013 czy to zach\u0119ceniu fan\u00f3w do kupna koszulki, czy zwi\u0119kszenia \u015bwiadomo\u015bci marki albo promowania towaru, us\u0142ugi lub imprezy. Doskonale wiemy, \u017ce firmowa czy reklamowa koszulka nie musi ( i nie powinna!) by\u0107 nudna. Postaramy si\u0119, aby Twoje eventowe koszulki przyci\u0105ga\u0142y wzrok, firmowe t-shirty by\u0142y interesuj\u0105ce i ch\u0119tnie noszone przez pracownik\u00f3w, a odzie\u017c reklamowa zaskakiwa\u0142a oryginalnym wzorem. Ciekawa grafika sprawia, \u017ce zwyk\u0142y, ale nigdy niewychodz\u0105cy z mody T-shirt o klasycznym kszta\u0142cie litery T mo\u017ce sta\u0107 si\u0119 naprawd\u0119 wyj\u0105tkowym ubraniem.<\/p>\n<p>To nie wszystko \u2013 zajmiemy si\u0119 tak\u017ce uszyciem koszulek. Oferujemy szycie nie tylko klasycznych T-shirt\u00f3w, ale tak\u017ce bluz czy top\u00f3w, w r\u00f3\u017cnych rozmiarach, zar\u00f3wno dla kobiet, jak i dla m\u0119\u017cczyzn. Koszulki m\u0119skie z nadrukiem? T-shirty dostosowane krojem dla pa\u0144? Bluzy z d\u0142ugim r\u0119kawem albo podkoszulki z nadrukiem? Specjalny kszta\u0142t dekoltu, nietypowa d\u0142ugo\u015b\u0107 r\u0119kaw\u00f3w? Na pewno razem co\u015b wymy\u015blimy. Mo\u017cesz wybra\u0107 nie tylko grafik\u0119, ale kolor, materia\u0142 i wz\u00f3r koszulki, na kt\u00f3r\u0105 ma by\u0107 naniesiony \u2013 czyni\u0105c projekt jeszcze bardziej oryginalnym!<\/p>\n<p>A mo\u017ce potrzebujesz gotowych koszulek, dost\u0119pnych \u201eod r\u0119ki\u201d? Dysponujemy ca\u0142\u0105 gam\u0105 koszulek od r\u00f3\u017cnych producent\u00f3w, tylko czekaj\u0105cych, by ozdobi\u0107 je niezwyk\u0142ymi aplikacjami. Ch\u0119tnie pomo\u017cemy Ci wybra\u0107 model najlepszy na potrzeby konkretnej realizacji! Skorzystanie z gotowego wzroku przyspiesza realizacj\u0119 zam\u00f3wienia, a w naszej ofercie na pewno znajdziesz odpowiedni kr\u00f3j. Dysponujemy koszulkami mi\u0119dzy innymi od marek takich jak Slazenger, B&amp;C Collection, Stedman, Cotton Mania, Fruit of the Loom, Gildan, Hanes i JHK T-Shirt.<\/p>\n<p>Po wybraniu grafiki, kroju, koloru i tkaniny koszulki, zajmujemy si\u0119 odpowiednim przygotowaniem do druku. Obrabiamy plik z grafik\u0105, dostosowuj\u0105c go do koloru koszulki, wybieramy farby, umo\u017cliwiaj\u0105ce osi\u0105gni\u0119cie najlepszego efektu. (Przy wyborze farb wa\u017cne s\u0105 mi\u0119dzy innymi barwa i rodzaj materia\u0142u odzie\u017cy.) Przyszykowujemy sita, dbaj\u0105c, by gotowy print zachowa\u0142 szczeg\u00f3\u0142owo\u015b\u0107 oraz wiernie odzwierciedla\u0142 kolory grafiki.<\/p>\n<p>Zamawiaj\u0105c koszulki w Printing Season zyskujesz wygod\u0119 kompleksowej obs\u0142ugi. Wszystko mo\u017cesz za\u0142atwi\u0107 w jednym miejscu, co przyspiesza i u\u0142atwia ca\u0142y proces zakupowy. Tylko raz ustalasz wszystkie szczeg\u00f3\u0142y i raz odbierasz ca\u0142e, gotowe ju\u017c zam\u00f3wienie.<\/p>\n<p>Je\u015bli powierzysz nam sw\u00f3j projekt, mo\u017cesz by\u0107 pewien tego, \u017ce trafi\u0142 on w dobre r\u0119ce.<\/p>\n<h2>W jaki spos\u00f3b przygotowa\u0107 grafik\u0119 do nadruku?<\/h2>\n<p>Je\u015bli chcesz, aby na koszulce znalaz\u0142a si\u0119 Twoja grafika, pami\u0119taj, aby odpowiednio przygotowa\u0107 plik do druku. Powinien by\u0107 on zapisany w rozmiarze docelowym. Wymagana minimalna rozdzielczo\u015b\u0107 to 300 dpi (cho\u0107 warto, aby by\u0142a wi\u0119ksza). W przypadku grafik wektorowych, plik powinien zosta\u0107 przys\u0142any w krzywych \u2013 w formacie pdf lub ai. Najlepiej zadba\u0107 te\u017c o to, aby kolory zosta\u0142y zapisane w palecie RGB.<\/p>\n<p>P\u00f3\u017aniejsz\u0105 obr\u00f3bk\u0105 grafiki \u2013 na przyk\u0142ad dostosowaniem jej, by kolory zosta\u0142y dobrze oddane na ciemnym materiale \u2013 zajmiemy si\u0119 ju\u017c sami.<\/p>\n<h2>The cheapest t-shirts - the more, the cheaper<\/h2>\n<p>When applying the print we use the screen printing method. <a href=\"https:\/\/printing-season.com\/en\/printing-techniques\/screen-printing-on-t-shirts\/\">Screen printing<\/a> has the advantage that, in addition to high quality and durability of the print, it also provides a low price for larger orders. This is due to the fact that screens need to be prepared for the graphic. Screen printing becomes profitable starting from orders of twenty copies. The more you order - the lower the cost of a single t-shirt. For example, do you need a large number of promotional T-shirts and the price is particularly important? Then choosing Printing Season and screen printing is a great way to save money. Screen printing, on the other hand, is not the best technique for customers who only need a single printed T-shirt: then the cost per piece is relatively high.<\/p>\n<p>The final price of an order is also influenced by the number of colours used in the graphics (each colour requires a separate matrix), the cost of the garment itself and the scope of work done. If you want to use our services and you care about the valuation, we invite you to contact us - the price list is set individually.<\/p>\n<p><img loading=\"lazy\" decoding=\"async\" src=\"http:\/\/dhtestprinting.pl\/wp-content\/uploads\/2020\/01\/foto_text_5.jpg\" alt=\"\" width=\"1308\" height=\"560\" \/><\/p>\n<h2>Unique printed t-shirts from Printing Season<\/h2>\n<p>Do ka\u017cdego projektu podchodzimy indywidualnie i dopieszczamy wszystkie szczeg\u00f3\u0142y na ka\u017cdym etapie produkcji. Sk\u0142adaj\u0105c zam\u00f3wienie u nas masz gwarancj\u0119, \u017ce otrzymasz odzie\u017c i nadruki wysokiej jako\u015bci, dostosowane do Twoich potrzeb.<\/p>\n<p>Our screen printing carousel can handle any project! Even the more unusual ones. Our printing technique allows us to apply various types of appliqu\u00e9: convex, in neon colours or with gold or silver glitter. If you want the print to be soft and undetectable, we can also achieve this effect - thanks to the use of special discharge inks (which \"pull\" the colour out of the T-shirt, so that the resulting pattern does not differ in texture from the rest of the material). The print can be successfully placed on T-shirts of any colour - dark, light, coloured - and made of suitable materials. We choose appropriate inks and screen density depending on the print and material type, having in mind the best possible effect. We like a challenge and we try our best to create something more than just an ordinary garment.<\/p>\n<p>Przygotowywane przez nas nadruki charakteryzuj\u0105 si\u0119 nie tylko wysok\u0105 jako\u015bci\u0105, szczeg\u00f3\u0142owo\u015bci\u0105 i wierno\u015bci\u0105 oryginalnej grafice. S\u0105 tak\u017ce bardzo trwa\u0142e \u2013 pranie i s\u0142oneczne promienie nie b\u0119d\u0105 straszne printowi starannie wykonanemu metod\u0105 sitodruku! Nasze koszulki z nadrukiem mo\u017cna z powodzeniem pra\u0107 w pralce i nie trzeba obawia\u0107 si\u0119, \u017ce szybko zaczn\u0105 blakn\u0105\u0107 albo si\u0119 \u015bciera\u0107. Przy du\u017cych zam\u00f3wieniach \u0142\u0105cz\u0105 wi\u0119c w sobie zalet\u0119 precyzyjno\u015bci nadruku, trwa\u0142o\u015bci oraz niskiej ceny.<\/p>\n<p>Take a look at our projects in the portfolio!<\/p>\n<p><b>Do you want to create a unique souvenir for your fans or participants of an event? Do you need original, company T-shirts at an attractive price? Do you want to order a large quantity of promotional t-shirts? Contact us!<br \/>\n<\/b><\/p>","protected":false},"excerpt":{"rendered":"<p>Koszulki z nadrukiem to nasza specjalno\u015b\u0107! Koszulki z nadrukiem to nasza specjalno\u015b\u0107! Wierzymy, \u017ce T-shirt ze spersonalizowanym wzorem wyra\u017ca wi\u0119cej ni\u017c zwyk\u0142a koszulka \u2013 i mamy wiedz\u0119 oraz mo\u017cliwo\u015bci, kt\u00f3re...<\/p>","protected":false},"author":1,"featured_media":0,"parent":78,"menu_order":0,"comment_status":"open","ping_status":"open","template":"","meta":{"_vp_format_video_url":"","_vp_image_focal_point":[],"footnotes":""},"class_list":["post-79","page","type-page","status-publish","hentry"],"_links":{"self":[{"href":"https:\/\/printing-season.com\/en\/wp-json\/wp\/v2\/pages\/79","targetHints":{"allow":["GET"]}}],"collection":[{"href":"https:\/\/printing-season.com\/en\/wp-json\/wp\/v2\/pages"}],"about":[{"href":"https:\/\/printing-season.com\/en\/wp-json\/wp\/v2\/types\/page"}],"author":[{"embeddable":true,"href":"https:\/\/printing-season.com\/en\/wp-json\/wp\/v2\/users\/1"}],"replies":[{"embeddable":true,"href":"https:\/\/printing-season.com\/en\/wp-json\/wp\/v2\/comments?post=79"}],"version-history":[{"count":3,"href":"https:\/\/printing-season.com\/en\/wp-json\/wp\/v2\/pages\/79\/revisions"}],"predecessor-version":[{"id":535,"href":"https:\/\/printing-season.com\/en\/wp-json\/wp\/v2\/pages\/79\/revisions\/535"}],"up":[{"embeddable":true,"href":"https:\/\/printing-season.com\/en\/wp-json\/wp\/v2\/pages\/78"}],"wp:attachment":[{"href":"https:\/\/printing-season.com\/en\/wp-json\/wp\/v2\/media?parent=79"}],"curies":[{"name":"wp","href":"https:\/\/api.w.org\/{rel}","templated":true}]}}