{"id":80,"date":"2020-01-03T00:00:00","date_gmt":"2020-01-02T23:00:00","guid":{"rendered":"https:\/\/dev.speedyweb.pl\/printing-season\/czapki-z-nadrukiem\/"},"modified":"2021-12-20T09:11:50","modified_gmt":"2021-12-20T08:11:50","slug":"czapki-z-nadrukiem","status":"publish","type":"page","link":"https:\/\/printing-season.com\/en\/promotional-clothing\/printed-hats\/","title":{"rendered":"Printed caps"},"content":{"rendered":"<h1>Czapki z nadrukiem \u2013 dla mody i wygody!<\/h1>\n<p>Czapki pe\u0142ni\u0105 obecnie potr\u00f3jn\u0105 rol\u0119: chroni\u0105 przed warunkami atmosferycznymi, stanowi\u0105 element stylizacji, a tak\u017ce mog\u0105 s\u0142u\u017cy\u0107 jako spos\u00f3b na wyra\u017cenie siebie \u2013 poprzez identyfikacj\u0119 jako cz\u0142onek okre\u015blonej subkultury, kojarz\u0105cej si\u0119 z okre\u015blonym ubiorem lub przez noszenie czapki w jakim\u015b stopniu wskazuj\u0105cym na zainteresowania.<\/p>\n<h2>Prints on caps<\/h2>\n<p>Czapka z nadrukiem z perspektywy firmy, mo\u017ce by\u0107 bardzo dobrym gad\u017cetem reklamowym. Na tych wyprodukowanych przez znane marki niemal zawsze znajduje si\u0119 logo, wyr\u00f3\u017cniaj\u0105ce towar jako produkt danego przedsi\u0119biorstwa (i przy okazji zwi\u0119kszaj\u0105ce zasi\u0119g marki). <a href=\"https:\/\/printing-season.com\/en\/\">Prints<\/a> na czapkach mog\u0105 by\u0107 jednak wykorzystywane w celach reklamowych nie tylko przez firmy odzie\u017cowe. Odpowiednio skrojona czapka z dyskretnie nadrukowanym logo albo z bardziej fantazyjnym printem mo\u017ce sta\u0107 si\u0119 \u015bwietn\u0105 reklam\u0105 dla w\u0142a\u015bciwie ka\u017cdej firmy. Dobrze sprawdz\u0105 si\u0119 tak\u017ce jako upominki dla klient\u00f3w czy pracownik\u00f3w, buduj\u0105ce relacje z konsumentami i osobami zatrudnionymi w firmie. W tym celu najcz\u0119\u015bciej wybierane s\u0105 czapki z daszkiem z nadrukiem \u2013 idealne na lato, dla ochrony g\u0142owy oraz oczu przed s\u0142o\u0144cem, bardzo dobry gad\u017cet przy okazji r\u00f3\u017cnego rodzaju event\u00f3w i imprez. W niekt\u00f3rych przypadkach mo\u017cna jednak rozwa\u017cy\u0107 jako alternatyw\u0119 czapki sportowe z nadrukiem (szczeg\u00f3lnie, je\u015bli oferta firmy kierowana jest do sportowc\u00f3w) oraz czapki zimowe z nadrukiem.<\/p>\n<p>Czapki z daszkiem z nadrukiem s\u0105 tak\u017ce ch\u0119tnie wykorzystywane jako gad\u017cety dla fan\u00f3w (obok produkt\u00f3w takich jak kubki, <a href=\"https:\/\/printing-season.com\/en\/promotional-clothing\/printed-shirts\/\">printed T-shirts<\/a>, akcesoria) \u2013 cz\u0119sto zespo\u0142\u00f3w muzycznych, ale te\u017c mang i anime (np. Pokemon\u00f3w), ksi\u0105\u017cek (np. Harry Potter), gier (np. League of Legends) czy film\u00f3w (np. Gwiezdne Wojny). W takim przypadku z jednej strony reklamuj\u0105 one konkretny produkt, z drugiej \u2013 ich sprzeda\u017c wielbicielom danej tematyki stanowi dodatkowe \u017ar\u00f3d\u0142o zarobkowania. Mog\u0105 by\u0107 r\u00f3wnie\u017c przeznaczone dla os\u00f3b o konkretnych zainteresowaniach czy cz\u0142onk\u00f3w subkultur \u2013 jak chocia\u017cby czapki skate z nadrukiem dla skejter\u00f3w.<\/p>\n<p>Czapki bywaj\u0105 te\u017c czy to upominkiem, czy towarem wystawianym na sprzeda\u017c przy okazji r\u00f3\u017cnego rodzaju imprez masowych \u2013 sportowych, festiwali muzycznych, czy zjazd\u00f3w mi\u0142o\u015bnik\u00f3w danej tematyki.<\/p>\n<p>Kolejne popularne zastosowanie czapek z nadrukiem mo\u017cna zaobserwowa\u0107 w niekt\u00f3rych restauracjach, sklepach, punktach us\u0142ugowych czy podczas imprez. Czapki z nadrukiem nosz\u0105 pracownicy \u2013 stanowi\u0105 one swego rodzaju cz\u0119\u015b\u0107 uniformu roboczego. Dzi\u0119ki temu po pierwsze, wyr\u00f3\u017cniaj\u0105 obs\u0142ug\u0119 \u2013 ju\u017c z daleka klienci wiedz\u0105, kto nale\u017cy do kadry pracowniczej \u2013 po drugie, mog\u0105 stanowi\u0107 swego rodzaju symbol danego miejsca.<\/p>\n<p><img loading=\"lazy\" decoding=\"async\" src=\"http:\/\/dhtestprinting.pl\/wp-content\/uploads\/2020\/01\/foto_text_6.jpg\" alt=\"\" width=\"1308\" height=\"560\"><\/p>\n<h2>Specificity of the printing on caps<\/h2>\n<p>Wykonanie nadruku na czapce z daszkiem, ze wzgl\u0119du na jej specyficzny kszta\u0142t, jest cz\u0119sto trudniejsze ni\u017c w przypadku koszulek czy toreb i nie zawsze jest mo\u017cliwe ka\u017cd\u0105 technik\u0105. Nieco inne mo\u017cliwo\u015bci istniej\u0105 te\u017c w tym zakresie w przypadku czapki, kt\u00f3ra nie zosta\u0142a jeszcze w ca\u0142o\u015bci uszyta (czyli na jej wykroju), a inne \u2013 w przypadku czapki gotowej.<\/p>\n<p>Na gotowe czapki nadruk najcz\u0119\u015bciej nanoszony jest termotransferem. <a href=\"https:\/\/printing-season.com\/en\/printing-techniques\/thermo-transfer-digital-printing\/\">Termotransfer<\/a> sitodrukowy to metoda, w ramach kt\u00f3rej logo wykonuje si\u0119 pierwotnie na folii termotransferowej lub papierze, a nast\u0119pnie \u201ewgrzewa si\u0119 go w czapk\u0119 w wysokiej temperaturze. Uzyskany w ten spos\u00f3b nadruk ma jako\u015b\u0107 zbli\u017con\u0105 do tradycyjnego <a href=\"https:\/\/printing-season.com\/en\/printing-techniques\/screen-printing-on-t-shirts\/\">screen printing method<\/a>. Wiernie oddaje kolory i szczeg\u00f3\u0142y grafiki, mo\u017ce zosta\u0107 u\u017cyty do naniesienia na czapk\u0119 nawet bardziej skomplikowanego wzoru, cechuje si\u0119 tak\u017ce bardzo du\u017c\u0105 trwa\u0142o\u015bci\u0105. Nadruk na czapce, podobnie jak sitodrukowy, b\u0119dzie odporny zar\u00f3wno na dzia\u0142anie czynnik\u00f3w atmosferycznych, jak i pranie. Inn\u0105 mo\u017cliwo\u015bci\u0105 jest zastosowanie nadruku z foliami flex\/flox.<\/p>\n<p>W przypadku czapek warto pami\u0119ta\u0107, \u017ce grafiki lepiej nie nanosi\u0107 w miejscu, w kt\u00f3rym znajduje si\u0119 szew \u2013 mo\u017ce on j\u0105 zniekszta\u0142ci\u0107 albo zmniejszy\u0107 jej trwa\u0142o\u015b\u0107. Je\u015bli wi\u0119c wybrany model ma szew z przodu, print najlepiej umie\u015bci\u0107 z boku.<\/p>\n<p>Naniesienie nadruku na czapk\u0119 mo\u017ce by\u0107 bardziej skomplikowane, kiedy jest ona wykonana z bardzo grubych materia\u0142\u00f3w \u2013 dotyczy to zw\u0142aszcza czapek zimowych. U\u017cycie technologii sitodrukowej w takim przypadku bywa niemo\u017cliwe. Alternatyw\u0105 w takich przypadkach staje si\u0119 <a href=\"https:\/\/printing-season.com\/en\/printing-techniques\/embroidery-computer\/\">haft<\/a> (jest on jednak drogi i wykorzystuje si\u0119 go zwykle jedynie w przypadku wzor\u00f3w mniej skomplikowanych).<\/p>\n<h2>Printed hats from Printing Season<\/h2>\n<p>W Printing Season specjalizujemy si\u0119 w wykonywaniu nadruk\u00f3w na odzie\u017cy metod\u0105 sitodruku. Wykonane t\u0105 technik\u0105 printy maj\u0105 bardzo wysok\u0105 jako\u015b\u0107, ale koszt pocz\u0105tkowy jest na tyle wysoki, \u017ce zam\u00f3wienie staje si\u0119 op\u0142acalne od dwudziestu sztuk. Im wi\u0119cej sztuk zamawiasz, tym mniej p\u0142acisz za pojedynczy egzemplarz. Na cen\u0119 wp\u0142ywa tak\u017ce ilo\u015b\u0107 kolor\u00f3w, jaka ma zosta\u0107 u\u017cyta na grafice \u2013 ka\u017cdy kolejny wymaga przygotowania osobnego sita, zwi\u0119ksza wi\u0119c koszt startowy. Zapraszamy do skorzystania z naszej oferty osoby potrzebuj\u0105ce czapek z w\u0142asnym nadrukiem w du\u017cych ilo\u015bciach \u2013 i dla kt\u00f3rych szczeg\u00f3lnie cenne s\u0105 jako\u015b\u0107 oraz trwa\u0142o\u015b\u0107. Mo\u017cemy przygotowa\u0107 dla Ciebie czapki z daszkiem z nadrukiem, czapki besjbol\u00f3wki z nadrukiem oraz niekt\u00f3re rodzaje czapek sportowych z nadrukiem. Nie specjalizujemy si\u0119 natomiast w nadruku haftem, stosowanym cz\u0119sto w przypadku czapek zimowych.<\/p>\n<p>Stosowane przez nas metody pozwalaj\u0105 nam nanie\u015b\u0107 nadruk zar\u00f3wno na czapki czarne, jasne, jak i kolorowe. U\u017cywamy r\u00f3\u017cnego rodzaju farb, dzi\u0119ki czemu z \u0142atwo\u015bci\u0105 mo\u017cemy osi\u0105gn\u0105\u0107 r\u00f3\u017cnorodne efekty. W przypadku metody termotransferu \u2013 najlepiej sprawdz\u0105 si\u0119 farby plastizolowe, kt\u00f3re mog\u0105 by\u0107 wykorzystywane zar\u00f3wno do prostych, jak i bardziej szczeg\u00f3\u0142owych grafik. Wa\u017cna jest du\u017ca ostro\u015b\u0107 grafiki i \u017cywo\u015b\u0107 barw nadruku na czapce. A mo\u017ce nadruk powinien mie\u0107 jako\u015b\u0107 zbli\u017con\u0105 do wydruku cyfrowego? Mo\u017cna z powodzeniem wykona\u0107 go za pomoc\u0105 sitodrukowego termotransferu cyfrowego<\/p>\n<h2>Printed cap as an advertising gadget<\/h2>\n<p>Dlaczego czapka z nadrukiem dobrze sprawdzi si\u0119 jako gad\u017cet reklamowy? Przede wszystkim: jest przydatna. Latem cz\u0119stokro\u0107 nosi si\u0119 czapki z daszkiem, zw\u0142aszcza na pla\u017c\u0119 czy d\u0142u\u017csze wyjazdy, by chroni\u0107 g\u0142ow\u0119 przed nadmiarem s\u0142o\u0144ca. Podczas uprawiania sport\u00f3w, zw\u0142aszcza na jesieni i zimie cz\u0119sto wygodna czapka jest konieczna, by zminimalizowa\u0107 ryzyko przezi\u0119bienia. Zim\u0105 za\u015b \u2013 ciep\u0142e nakrycie g\u0142owy chroni przed mrozem. Dodatkowo, \u0142adna czapka mo\u017ce by\u0107 noszona przede wszystkim dla ozdoby. Tym samym taki gad\u017cet zostanie lepiej przyj\u0119ty przez osoby, kt\u00f3re go otrzymaj\u0105 i istnieje spora szansa, \u017ce naprawd\u0119 b\u0119d\u0105 z niego korzysta\u0107. <a href=\"https:\/\/printing-season.com\/en\/promotional-clothing\/\">Promotional clothing<\/a> z nadrukiem to dobry spos\u00f3b na promocj\u0119 w dobie, gdy tradycyjna reklama traci na mocy \u2013 odbiorcy cz\u0119sto do zwyk\u0142ych reklam podchodz\u0105 niech\u0119tnie albo nawet wcale ich nie dostrzegaj\u0105.<\/p>\n<p>Aby czapka dobrze spe\u0142nia\u0142a swoj\u0105 rol\u0119 jako gad\u017cet reklamowy, wa\u017cny jest te\u017c jej w\u0142a\u015bciwy projekt \u2013 r\u00f3wnie\u017c dostosowany do marki. Je\u015bli przedsi\u0119biorstwo chce by\u0107 postrzegane jako oferuj\u0105ce produkty wysokiej jako\u015bci, nie powinno wykorzystywa\u0107 jako gad\u017cetu reklamowego czapek wykonanych z gorszych jako\u015bciowo materia\u0142\u00f3w czy z nadrukiem, kt\u00f3ry szybko zejdzie w praniu albo wyblaknie od s\u0142o\u0144ca. Zastanowienia wymaga tak\u017ce projekt graficzny. Ma\u0142e, dyskretne logo mo\u017ce pozosta\u0107 niezauwa\u017cone, ale z kolei czapka z du\u017cym nadrukiem, stricte reklamowym, mo\u017ce by\u0107 mniej ch\u0119tnie noszona. Je\u015bli czapka ma naprawd\u0119 przyci\u0105ga\u0107 wzrok, nadruk nie powinien ogranicza\u0107 si\u0119 do logo \u2013 warto zadba\u0107 o ciekaw\u0105, kolorow\u0105 grafik\u0119. Dotyczy to szczeg\u00f3lnie czapek z nadrukiem, kt\u00f3re maj\u0105 by\u0107 sprzedawane fanom: tylko atrakcyjny nadruk mo\u017ce sk\u0142oni\u0107 nawet najwi\u0119kszego wielbiciela do wydania pieni\u0119dzy. Wa\u017cne, aby grafika by\u0142a sp\u00f3jna z wizerunkiem firmy, warto te\u017c dopasowa\u0107 barwy czapki do kolorystyki u\u017cywanej w komunikacji marketingowej (na przyk\u0142ad w logo czy na stronie internetowej).<\/p>","protected":false},"excerpt":{"rendered":"<p>Czapki z nadrukiem \u2013 dla mody i wygody! Czapki pe\u0142ni\u0105 obecnie potr\u00f3jn\u0105 rol\u0119: chroni\u0105 przed warunkami atmosferycznymi, stanowi\u0105 element stylizacji, a tak\u017ce mog\u0105 s\u0142u\u017cy\u0107 jako spos\u00f3b na wyra\u017cenie siebie \u2013...<\/p>","protected":false},"author":1,"featured_media":0,"parent":78,"menu_order":0,"comment_status":"open","ping_status":"open","template":"","meta":{"_vp_format_video_url":"","_vp_image_focal_point":[],"footnotes":""},"class_list":["post-80","page","type-page","status-publish","hentry"],"_links":{"self":[{"href":"https:\/\/printing-season.com\/en\/wp-json\/wp\/v2\/pages\/80","targetHints":{"allow":["GET"]}}],"collection":[{"href":"https:\/\/printing-season.com\/en\/wp-json\/wp\/v2\/pages"}],"about":[{"href":"https:\/\/printing-season.com\/en\/wp-json\/wp\/v2\/types\/page"}],"author":[{"embeddable":true,"href":"https:\/\/printing-season.com\/en\/wp-json\/wp\/v2\/users\/1"}],"replies":[{"embeddable":true,"href":"https:\/\/printing-season.com\/en\/wp-json\/wp\/v2\/comments?post=80"}],"version-history":[{"count":1,"href":"https:\/\/printing-season.com\/en\/wp-json\/wp\/v2\/pages\/80\/revisions"}],"predecessor-version":[{"id":334,"href":"https:\/\/printing-season.com\/en\/wp-json\/wp\/v2\/pages\/80\/revisions\/334"}],"up":[{"embeddable":true,"href":"https:\/\/printing-season.com\/en\/wp-json\/wp\/v2\/pages\/78"}],"wp:attachment":[{"href":"https:\/\/printing-season.com\/en\/wp-json\/wp\/v2\/media?parent=80"}],"curies":[{"name":"wp","href":"https:\/\/api.w.org\/{rel}","templated":true}]}}