{"id":81,"date":"2020-01-03T00:00:00","date_gmt":"2020-01-02T23:00:00","guid":{"rendered":"https:\/\/dev.speedyweb.pl\/printing-season\/torby-z-nadrukiem\/"},"modified":"2021-12-20T09:12:56","modified_gmt":"2021-12-20T08:12:56","slug":"torby-z-nadrukiem","status":"publish","type":"page","link":"https:\/\/printing-season.com\/en\/promotional-clothing\/bags-printed\/","title":{"rendered":"Printed bags"},"content":{"rendered":"<h1>Torby z nadrukiem \u2013 przydatny gad\u017cet reklamowy<\/h1>\n<p>Torby bawe\u0142niane z w\u0142asnym nadrukiem to obecnie jeden z najlepszych gad\u017cet\u00f3w reklamowych. Torby s\u0105 przydatne klientom, za to ta\u0144sze w produkcji i bardziej uniwersalne ni\u017c <a href=\"https:\/\/printing-season.com\/en\/promotional-clothing\/printed-shirts\/\">printed T-shirts<\/a>, przez co \u015bwietnie sprawdz\u0105 si\u0119 przy r\u00f3\u017cnych okazjach. Mog\u0105 by\u0107 wykorzystywane jako upominek dla klient\u00f3w firmy, do pakowania towar\u00f3w w sklepie, w roli pami\u0105tki z imprezy masowej, nagrody w ramach program\u00f3w lojalno\u015bciowych albo gad\u017cetu mo\u017cliwego do zakupienia przez fan\u00f3w \u2013 na przyk\u0142ad zespo\u0142u muzycznego, rysownika, serialu czy ksi\u0105\u017cki. Dodatkowo \u2013 uwa\u017ca si\u0119 je za ekologiczne rozwi\u0105zanie, a obecnie ochrona \u015brodowiska to temat ciesz\u0105cy si\u0119 du\u017c\u0105 popularno\u015bci\u0105.<\/p>\n<h2>Nadruk na torbie metod\u0105 sitodruku \u2013 doskona\u0142a jako\u015b\u0107, du\u017ca trwa\u0142o\u015b\u0107, szczeg\u00f3\u0142owo\u015b\u0107 grafiki<\/h2>\n<p>W Printing Season wykonujemy <a href=\"https:\/\/printing-season.com\/en\/\">prints<\/a> na tkaninach \u2013 koszulkach, bluzach, <a href=\"https:\/\/printing-season.com\/en\/promotional-clothing\/printed-hats\/\">hats<\/a> ale tak\u017ce torbach. Pos\u0142ugujemy si\u0119 metod\u0105 sitodruku, dzi\u0119ki kt\u00f3rej nadruk jest wierny grafice, szczeg\u00f3\u0142owy i bardzo trwa\u0142y. Dzi\u0119ki tej technice na torby mo\u017cna nanosi\u0107 zar\u00f3wno proste rysunki, logo czy napisy, jak i skomplikowane, wielokolorowe grafiki, kt\u00f3re od razu przyci\u0105gaj\u0105 wzrok. Mo\u017cliwo\u015b\u0107 wykorzystania r\u00f3\u017cnych farb sprawia, \u017ce nadruki mog\u0105 by\u0107 nanoszone i na torby czarne, i bia\u0142e, be\u017cowe, i kolorowe, czy to wykonane z bawe\u0142ny, czy poliestru albo nawet z papieru. W zale\u017cno\u015bci od wybranego pod\u0142o\u017ca i zastosowanych farb mo\u017cna uzyska\u0107 r\u00f3\u017cny efekt \u2013 od nadruk\u00f3w o bardzo \u017cywych barwach, przez wypuk\u0142e aplikacje a\u017c po niewyczuwalny w dotyku, mi\u0119kki print wykonany technik\u0105 wywabow\u0105.<\/p>\n<p>Jasna torba ze szczeg\u00f3\u0142owym nadrukiem o niezwykle wyra\u017anych kolorach? W tym przypadku \u015bwietnie sprawdz\u0105 si\u0119 farby wodne. Ciemna, bawe\u0142niana torba z nadrukiem? Farby plastizolowe pozwalaj\u0105 dobrze zadrukowa\u0107 nawet czarn\u0105 powierzchni\u0119 \u2013 i za ich pomoc\u0105 mo\u017cna nak\u0142ada\u0107 zar\u00f3wno proste, jak i bardziej skomplikowane wzory. Nadruk o jako\u015bci DTG? W naszym repertuarze znajduj\u0105 si\u0119 r\u00f3wnie\u017c farby CMYK, kt\u00f3re pozwol\u0105 uzyska\u0107 po\u017c\u0105dany efekt!<\/p>\n<p>Another advantage of screen printing is its resistance. The canvas bag printed by us can be successfully washed without worrying that the print will start to fade quickly. The print does not lose its colour under UV radiation nor should it be damaged by every-day use.<\/p>\n<p>Zam\u00f3wienie na torby reklamowe z nadrukiem wykonanym sitodrukiem warto wi\u0119c z\u0142o\u017cy\u0107, gdy potrzeba du\u017cej ilo\u015bci toreb, a dla zlecaj\u0105cego kluczowa jest wysoka jako\u015b\u0107: doskona\u0142y efekt wizualny oraz trwa\u0142o\u015b\u0107 nadruku.<\/p>\n<h2>Zam\u00f3wienie torby z w\u0142asnym nadrukiem \u2013 od czego zacz\u0105\u0107?<\/h2>\n<p>Stosowane przez nas techniki s\u0105 op\u0142acalne w przypadku wi\u0119kszego zapotrzebowania \u2013 realizujemy zam\u00f3wienia ju\u017c od dwudziestu egzemplarzy toreb z nadrukiem. Im wi\u0119ksze zam\u00f3wienie, tym ta\u0144szy b\u0119dzie pojedynczy nadruk. Wynika to z faktu, \u017ce aby wykona\u0107 grafik\u0119 trzeba przygotowa\u0107 sita, co generuje du\u017cy koszt pocz\u0105tkowy. Wraz z wzrostem liczby zamawianych sztuk \u2013 koszt jednostkowy jest wi\u0119c coraz mniejszy.<\/p>\n<p>Do you want to place an order? First, you will need to choose the right paint to get the best possible result. Keep in mind that some cannot be used on light or dark fabrics. If you'd like to see how prints made with specific inks look like, please visit our portfolio or samples section. In the portfolio you can see our current projects. In the samples category, you can order a set of sample prints to compare different options and see which solutions suit you best.<\/p>\n<h2>Jak wybra\u0107 i przygotowa\u0107 grafik\u0119?<\/h2>\n<p>Wybieraj\u0105c grafik\u0119, warto si\u0119 zastanowi\u0107, w jakim celu maj\u0105 s\u0142u\u017cy\u0107 torby i co przede wszystkim chcemy osi\u0105gn\u0105\u0107, wykorzystuj\u0105c je w strategii promocyjnej. Maj\u0105 pom\u00f3c poszerzy\u0107 \u015bwiadomo\u015b\u0107 marki? Budowa\u0107 pozytywn\u0105 relacj\u0119 z partnerami? Stanowi\u0107 u\u0142atwienie dla klienta sklepu, kt\u00f3ry dzi\u0119ki nim mo\u017ce komfortowo przenie\u015b\u0107 zakupy?<\/p>\n<p>Na przyk\u0142ad torby b\u0119d\u0105 po prostu do\u0142\u0105czane do zakup\u00f3w? W takim wypadku samo, du\u017ce logo albo nazwa sklepu umieszczone na materiale mo\u017ce by\u0107 dobrym wyborem \u2013 w ten spos\u00f3b klient dostaje wygodn\u0105 mo\u017cliwo\u015b\u0107 przetransportowania towar\u00f3w, a wszyscy, kt\u00f3rzy zobacz\u0105 jak idzie z torb\u0105, b\u0119d\u0105 wiedzieli, \u017ce ten dokona\u0142 w\u0142a\u015bnie zakup\u00f3w w konkretnym sklepie. A mo\u017ce maj\u0105 one by\u0107 rodzajem upominku albo nagrody w programie lojalno\u015bciowym? W tym przypadku warto postara\u0107 si\u0119 o zaprojektowanie ciekawszego printu, dzi\u0119ki kt\u00f3remu taki prezent b\u0119dzie postrzegany jako naprawd\u0119 wart uwagi. Torby maj\u0105 by\u0107 form\u0105 gad\u017cetu reklamowego albo by\u0107 sprzedawane? W takiej sytuacji unikalny, interesuj\u0105cy nadruk na torbie, kt\u00f3ry zach\u0119ci do zakupu, jest konieczno\u015bci\u0105, aby zainteresowa\u0107 potencjalnych nabywc\u00f3w. Co wi\u0119cej \u2013 im bardziej oryginalna grafika, tym ch\u0119tniej w\u0142a\u015bciciele torby b\u0119d\u0105 j\u0105 nosi\u0107, a przechodnie na ni\u0105 spogl\u0105da\u0107 (przez co lepiej zapami\u0119taj\u0105 nazw\u0119 firmy czy jej logo, wkomponowane w grafik\u0119).<\/p>\n<p><a href=\"https:\/\/printing-season.com\/en\/printing-techniques\/screen-printing-on-t-shirts\/\">Screen printing<\/a> daje ogromne mo\u017cliwo\u015bci \u2013 gotowe nadruki mog\u0105 mie\u0107 r\u00f3\u017cne barwy, neonowe kolory, pob\u0142yskiwa\u0107 z\u0142otem. Grafika jednak nie musi by\u0107 bardzo kolorowa czy fantazyjna, aby wzbudza\u0142a zainteresowanie. Czasem wystarczy napis, kt\u00f3ry rozbawi albo zmusi do my\u015blenia czy prosty, ale ciekawy rysunek. Wa\u017cne te\u017c, aby wybrany print dobrze przystawa\u0142 do wizerunku marki i wpisywa\u0142 si\u0119 w ca\u0142o\u015b\u0107 strategii marketingowej.<\/p>\n<p>Wybieraj\u0105c grafik\u0119 warto te\u017c wzi\u0105\u0107 pod uwag\u0119 fakt, \u017ce i wz\u00f3r nadruku ma wp\u0142yw na ostateczn\u0105 cen\u0119 torby. Im wi\u0119cej kolor\u00f3w zostaje u\u017cytych \u2013 tym wi\u0119cej sit trzeba przygotowa\u0107, a to z kolei podnosi koszt pocz\u0105tkowy. Dodatkowo, du\u017ce nadruki (na przyk\u0142ad zadrukowanie ca\u0142ej torby albo na\u0142o\u017cenie aplikacji z obu jej stron) r\u00f3wnie\u017c b\u0119d\u0105 dro\u017csze.<\/p>\n<p><img loading=\"lazy\" decoding=\"async\" src=\"http:\/\/dhtestprinting.pl\/wp-content\/uploads\/2020\/01\/foto_text_7.jpg\" alt=\"\" width=\"1308\" height=\"560\"><\/p>\n<h2>Printed eco bags - convenient and environmentally friendly<\/h2>\n<p>A reusable bag is a real must have these days! Canvas bags are ideal for carrying shopping, and you can easily pack things in them for a short trip or when going out with friends. They surpass plastic bags in almost every aspect - they are an ecological solution, they won't tear when you put heavier things in them, others can't see what you're carrying, and you don't have to pay extra for the bag in the shop. Its handles make it easy to transport your shopping, and the risk of the bag breaking is much lower than with plastic or paper bags. Additionally, unlike the usually ugly plastic bags, canvas bags can be a kind of complement to your styling. A printed bag can be pretty, eye-catching and even highlight the interests of the person carrying it. Logo of your favourite band? A quote from a TV series or a respected thinker? A printed advertising bag from a favourite bookshop? For the owner of such a gadget it is sometimes a way to show to the world what is it that matters to him or her... and for the creator of the graphic - a great ad!<\/p>\n<p>Te wszystkie powody sprawiaj\u0105, \u017ce klienci coraz ch\u0119tniej nosz\u0105 przy sobie torby materia\u0142owe z nadrukiem. Tym samym \u2013 warto zadba\u0107 o to, by firma mia\u0142a w\u0142asny ich wz\u00f3r. Mog\u0105 s\u0142u\u017cy\u0107 w celach promocyjnych, utrwala\u0107 i poszerza\u0107 \u015bwiadomo\u015b\u0107 marki, a dodatkowo, buduj\u0105 relacj\u0119 z klientami oraz pozytywny wizerunek przedsi\u0119biorstwa (ze wzgl\u0119du na stosowanie rozwi\u0105za\u0144 przyjaznych \u015brodowisku).<\/p>\n<p>Je\u015bli oferowanie toreb ma wspiera\u0107 wizerunek firmy, dobrze wybra\u0107 wysokiej jako\u015bci torby bawe\u0142niane \u2013 porz\u0105dne, stosunkowo \u0142atwe do utrzymania w czysto\u015bci. Najlepiej niefarbowane, w naturalnym, be\u017cowym odcieniu (co dodatkowo umo\u017cliwia naniesienie grafiki farbami wodnymi, r\u00f3wnie\u017c uwa\u017canymi za ekologiczne).<\/p>\n<h2>Why invest in printed carrier bags?<\/h2>\n<p>Printed bags are not only one of the most useful promotional gadgets for customers, but also one of the most visible. Pens or notebooks are usually kept in drawers or handbags, mugs in kitchen cupboards, lanyards are rarely used. A bag, on the other hand, will be worn \"out in the open\" at least from time to time - so that passers-by can see the logo on it. They also have a certain advantage over another popular advertising gadget - T-shirts. There is no need to prepare different sizes or different pieces for men and women.<\/p>\n<p>Czy torby to dobra forma reklamy? Oczywi\u015bcie! W dobie du\u017cej konkurencji na rynku, wzrostu \u015bwiadomo\u015bci konsument\u00f3w i ogromnej ilo\u015bci reklam, kt\u00f3rymi bombardowani s\u0105 klienci \u2013 trzeba poszukiwa\u0107 nowych dr\u00f3g dotarcia do odbiorc\u00f3w. Klienci czy partnerzy znacznie ch\u0119tniej przyjm\u0105 tak\u0105 torb\u0119 ni\u017c kolejn\u0105 ulotk\u0119 \u2013 torba z nadrukiem jest bowiem czym\u015b, co przydaje si\u0119 na co dzie\u0144. Ciekawy print niesionej przez kogo\u015b torby ma wi\u0119ksze szanse przyci\u0105gn\u0105\u0107 uwag\u0119 ni\u017c kolejna reklama w czasopi\u015bmie albo na billboardzie. <a href=\"https:\/\/printing-season.com\/en\/promotional-clothing\/\">Gad\u017cety reklamowe<\/a> \u2013 a wi\u0119c tak\u017ce torby \u2013 s\u0105 form\u0105 nieinwazyjnej reklamy natywnej, do kt\u00f3rej klienci cz\u0119sto podchodz\u0105 mniej niech\u0119tnie ni\u017c do reklam bardziej tradycyjnych.<\/p>\n<p>Torba z nadrukiem mo\u017ce te\u017c sta\u0107 si\u0119 elementem strategii marketingowej przy promowaniu produktu. Na rynek wchodzi nowy nap\u00f3j, ksi\u0105\u017cka, serial? Warto przygotowa\u0107 stosowne gad\u017cety. W niekt\u00f3rych przypadkach b\u0119d\u0105 nie lada gratk\u0105 dla fan\u00f3w, w innych \u2013 sprawi\u0105, \u017ce wi\u0119cej ludzi dowie si\u0119 o pojawieniu nowo\u015bci na rynku, dostrzegaj\u0105c je na noszonych tu i \u00f3wdzie torbach. Takie torby s\u0105 te\u017c doskona\u0142\u0105 pami\u0105tk\u0105 z r\u00f3\u017cnego rodzaju imprez: konwent\u00f3w, koncert\u00f3w, zjazd\u00f3w. S\u0105 nie tylko gad\u017cetem reklamowym, ale te\u017c towarem, po\u017c\u0105danym przez uczestnik\u00f3w tego typu wydarze\u0144.<\/p>\n<p>In turn, offering customers convenient, elegant bags to pack their products in-store improves consumer experience and can also be used to build the reputation: creating the image of a customer-friendly brand that is looking for ecological solutions.<\/p>\n<p>Are you searching for an alternative to traditional advertising to promote your business or product? A printed bag is an excellent idea! The right print and the right strategy for using bags will definitely help you achieve your business goals.<\/p>\n<p><img loading=\"lazy\" decoding=\"async\" src=\"http:\/\/dhtestprinting.pl\/wp-content\/uploads\/2020\/01\/foto_text_8.jpg\" alt=\"\" width=\"1308\" height=\"560\"><\/p>\n<h2>Zakup toreb z nadrukiem w Printing-Season to:<\/h2>\n<ul>\n<li>guarantee of high quality and durability of the print,<\/li>\n<li>cooperation with specialists with extensive experience, who will take care of your project together and advise you on the best solutions,<\/li>\n<li>the possibility of using comprehensive services - from the preparation of the graphic design through the sewing of bags to the application of prints on materials - which facilitates and speeds up the entire process of creating <b>printed bags,<\/b><\/li>\n<li>a chance to test the quality of prints before placing an order - thanks to the option of sending a set of samples,<\/li>\n<li>very attractive price for large orders,<\/li>\n<li>various types of prints can be produced, including multi-coloured, detailed, with small details or special effects (e.g. convex),<\/li>\n<li>the possibility to customise the design by choosing the right materials, bag colours and inks to achieve a diversified effect.<\/li>\n<\/ul>\n<p>We invite you to contact us. Pricing is estimated individually, taking into account the specifics of a particular order, the scope of services and the number of prints to be made.<\/p>","protected":false},"excerpt":{"rendered":"<p>Torby z nadrukiem \u2013 przydatny gad\u017cet reklamowy Torby bawe\u0142niane z w\u0142asnym nadrukiem to obecnie jeden z najlepszych gad\u017cet\u00f3w reklamowych. Torby s\u0105 przydatne klientom, za to ta\u0144sze w produkcji i bardziej...<\/p>","protected":false},"author":1,"featured_media":0,"parent":78,"menu_order":0,"comment_status":"open","ping_status":"open","template":"","meta":{"_vp_format_video_url":"","_vp_image_focal_point":[],"footnotes":""},"class_list":["post-81","page","type-page","status-publish","hentry"],"_links":{"self":[{"href":"https:\/\/printing-season.com\/en\/wp-json\/wp\/v2\/pages\/81","targetHints":{"allow":["GET"]}}],"collection":[{"href":"https:\/\/printing-season.com\/en\/wp-json\/wp\/v2\/pages"}],"about":[{"href":"https:\/\/printing-season.com\/en\/wp-json\/wp\/v2\/types\/page"}],"author":[{"embeddable":true,"href":"https:\/\/printing-season.com\/en\/wp-json\/wp\/v2\/users\/1"}],"replies":[{"embeddable":true,"href":"https:\/\/printing-season.com\/en\/wp-json\/wp\/v2\/comments?post=81"}],"version-history":[{"count":1,"href":"https:\/\/printing-season.com\/en\/wp-json\/wp\/v2\/pages\/81\/revisions"}],"predecessor-version":[{"id":329,"href":"https:\/\/printing-season.com\/en\/wp-json\/wp\/v2\/pages\/81\/revisions\/329"}],"up":[{"embeddable":true,"href":"https:\/\/printing-season.com\/en\/wp-json\/wp\/v2\/pages\/78"}],"wp:attachment":[{"href":"https:\/\/printing-season.com\/en\/wp-json\/wp\/v2\/media?parent=81"}],"curies":[{"name":"wp","href":"https:\/\/api.w.org\/{rel}","templated":true}]}}