{"id":83,"date":"2020-01-03T00:00:00","date_gmt":"2020-01-02T23:00:00","guid":{"rendered":"https:\/\/dev.speedyweb.pl\/printing-season\/probki\/"},"modified":"2020-04-20T11:36:50","modified_gmt":"2020-04-20T09:36:50","slug":"probki","status":"publish","type":"page","link":"https:\/\/printing-season.com\/en\/samples\/","title":{"rendered":"Samples"},"content":{"rendered":"<h1>Check the quality of our prints - order a free sample set!<\/h1>\n<p><b>Don't like buying a pig in a poke? At Printing Season you don't have to. If you want to convince yourself of the quality of our prints, you can order a set of samples.<\/b><\/p>\n<p>Wahasz si\u0119, czy skorzysta\u0107 z naszych us\u0142ug? Zastanawiasz si\u0119, jak wygl\u0105da sitodrukowy nadruk? Chcesz si\u0119 upewni\u0107, \u017ce farba na pewno nie zejdzie w praniu? Zale\u017cy ci na sprawdzeniu, czy nasze <a href=\"https:\/\/printing-season.com\/en\/\">prints<\/a> dobrze wygl\u0105daj\u0105 na materia\u0142ach o konkretnej barwie i jakie s\u0105 w dotyku? Nasze realizacje z portfolio podobaj\u0105 Ci si\u0119, ale samo zdj\u0119cie na ekranie to dla Ciebie za ma\u0142o \u2013 wolisz nadruk obejrze\u0107 \u201ew realu\u201d, dotkn\u0105\u0107, przetestowa\u0107 jego trwa\u0142o\u015b\u0107? A mo\u017ce nie masz pewno\u015bci, na jakie kolory i efekty si\u0119 zdecydowa\u0107? Mo\u017cemy rozwi\u0105za\u0107 ten problem i pom\u00f3c Ci w podj\u0119ciu decyzji.<\/p>\n<p>Just fill in the form and we will send you a package with sample prints from Printing Season to the address you provide. This way you can see what the final product looks like. You can look at colours, applications with special effects (e.g. convex) and compare silkscreen prints made with different inks on different materials. You can see how screen prints made with different inks differ and, if necessary, compare them with other types of print. Furthermore, you also have the chance to test the quality of our prints - you'll see that they're durable, don't come off in the wash and are not easily rubbed off. So when you order, you can be sure that the products you receive will meet all your expectations.<\/p>\n<p>At Printing Season we are committed to quality, both product and service, and to meeting customer needs! We understand that when you place a large order you want to see beforehand the quality of our prints.<\/p>\n<p>You do not have to worry about the security of your data - the information you provide on the form will not be shared with third parties. Please also remember to read the information about the transfer of personal data.<\/p>\n<h2>Wype\u0142nij formularz - wy\u015blemy Ci pr\u00f3bki!<\/h2>\n<p><img loading=\"lazy\" decoding=\"async\" src=\"http:\/\/dhtestprinting.pl\/wp-content\/uploads\/2020\/01\/DSC_0414-2-1-1024x505.jpg\" sizes=\"auto, (max-width: 1024px) 100vw, 1024px\" srcset=\"http:\/\/dhtestprinting.pl\/wp-content\/uploads\/2020\/01\/DSC_0414-2-1-1024x505.jpg 1024w, http:\/\/dhtestprinting.pl\/wp-content\/uploads\/2020\/01\/DSC_0414-2-1-300x148.jpg 300w, http:\/\/dhtestprinting.pl\/wp-content\/uploads\/2020\/01\/DSC_0414-2-1-768x378.jpg 768w, http:\/\/dhtestprinting.pl\/wp-content\/uploads\/2020\/01\/DSC_0414-2-1-600x296.jpg 600w, http:\/\/dhtestprinting.pl\/wp-content\/uploads\/2020\/01\/DSC_0414-2-1.jpg 1380w\" alt=\"\" width=\"1024\" height=\"505\"><\/p>\n<form action=\"\/wp-admin\/admin-ajax.php#wpcf7-f680-o3\" method=\"post\" novalidate=\"novalidate\" data-trp-original-action=\"\/wp-admin\/admin-ajax.php#wpcf7-f680-o3\"><input name=\"_wpcf7\" type=\"hidden\" value=\"680\"><br \/>\n<input name=\"_wpcf7_version\" type=\"hidden\" value=\"5.1.6\"><br \/>\n<input name=\"_wpcf7_locale\" type=\"hidden\" value=\"pl_PL\"><br \/>\n<input name=\"_wpcf7_unit_tag\" type=\"hidden\" value=\"wpcf7-f680-o3\"><br \/>\n<input name=\"_wpcf7_container_post\" type=\"hidden\" value=\"0\"><\/p>\n<p><label> Firma<br \/>\n<input style=\"background-image: url('data:image\/png;base64,iVBORw0KGgoAAAANSUhEUgAAACAAAAAgCAYAAABzenr0AAAAAXNSR0IArs4c6QAAAfBJREFUWAntVk1OwkAUZkoDKza4Utm61iP0AqyIDXahN2BjwiHYGU+gizap4QDuegWN7lyCbMSlCQjU7yO0TOlAi6GwgJc0fT\/fzPfmzet0crmD7HsFBAvQbrcrw+Gw5fu+AfOYvgylJ4TwCoVCs1ardYTruqfj8fgV5OUMSVVT93VdP9dAzpVvm5wJHZFbg2LQ2pEYOlZ\/oiDvwNcsFoseY4PBwMCrhaeCJyKWZU37KOJcYdi27QdhcuuBIb073BvTNL8ln4NeeR6NRi\/wxZKQcGurQs5oNhqLshzVTMBewW\/LMU3TTNlO0ieTiStjYhUIyi6DAp0xbEdgTt+LE0aCKQw24U4llsCs4ZRJrYopB6RwqnpA1YQ5NGFZ1YQ41Z5S8IQQdP5laEBRJcD4Vj5DEsW2gE6s6g3d\/YP\/g+BDnT7GNi2qCjTwGd6riBzHaaCEd3Js01vwCPIbmWBRx1nwAN\/1ov+\/drgFWIlfKpVukyYihtgkXNp4mABK+1GtVr+SBhJDbBIubVw+Cd\/TDgKO2DPiN3YUo6y\/nDCNEIsqTKH1en2tcwA9FKEItyDi3aIh8Gl1sRrVnSDzNFDJT1bAy5xpOYGn5fP5JuL95ZjMIn1ya7j5dPGfv0A5eAnpZUY3n5jXcoec5J67D9q+VuAPM47D3XaSeL4AAAAASUVORK5CYII='); background-repeat: no-repeat; background-attachment: scroll; background-size: 16px 18px; background-position: 98% 50%;\" name=\"text-983\" size=\"40\" type=\"text\" value=\"\" aria-required=\"true\" aria-invalid=\"false\"><\/label><\/p>\n<p><label> Imi\u0119 i nazwisko<br \/>\n<input name=\"your-name\" size=\"40\" type=\"text\" value=\"\" aria-required=\"true\" aria-invalid=\"false\"> <\/label><\/p>\n<p><label> Ulica<br \/>\n<input name=\"text-984\" size=\"40\" type=\"text\" value=\"\" aria-required=\"true\" aria-invalid=\"false\"><\/label><\/p>\n<p><label> Numer domu\/mieszkania<br \/>\n<input name=\"text-985\" size=\"40\" type=\"text\" value=\"\" aria-required=\"true\" aria-invalid=\"false\"><\/label><\/p>\n<p><label> Kod pocztowy<br \/>\n<input name=\"text-986\" size=\"40\" type=\"text\" value=\"\" aria-required=\"true\" aria-invalid=\"false\"><\/label><\/p>\n<p><label> Miasto<br \/>\n<input name=\"text-987\" size=\"40\" type=\"text\" value=\"\" aria-required=\"true\" aria-invalid=\"false\"><\/label><\/p>\n<p><label> Adres email<br \/>\n<input name=\"your-email\" size=\"40\" type=\"email\" value=\"\" aria-required=\"true\" aria-invalid=\"false\"> <\/label><\/p>\n<p><label> Numer telefonu<br \/>\n<input name=\"tel-56\" size=\"40\" type=\"tel\" value=\"\" aria-required=\"true\" aria-invalid=\"false\"><\/label><\/p>\n<p><label><input name=\"acceptance-629\" type=\"checkbox\" value=\"1\" aria-invalid=\"false\">I declare that I have read the Information on Processing of Personal Data and agree to the processing of my personal data by Printing-Season for the purpose of providing information on products offered by the company, including sending commercial information to the above-mentioned e-mail address and to the above-mentioned telephone number, as well as to the processing of my personal data for the purpose of service quality testing.<\/label><\/p>\n<p><input type=\"submit\" value=\"Send\"><\/p>\n<input type=\"hidden\" name=\"trp-form-language\" value=\"en\"\/><\/form>","protected":false},"excerpt":{"rendered":"<p>Sprawd\u017a jako\u015b\u0107 naszych nadruk\u00f3w \u2013 zam\u00f3w darmowy zestaw pr\u00f3bek! Nie lubisz kupowa\u0107 kota w worku? W Printing Season \u2013 nie musisz. Je\u015bli chcesz przekona\u0107 si\u0119 o jako\u015bci naszych nadruk\u00f3w, mo\u017cesz...<\/p>","protected":false},"author":1,"featured_media":0,"parent":0,"menu_order":0,"comment_status":"open","ping_status":"open","template":"","meta":{"_vp_format_video_url":"","_vp_image_focal_point":[],"footnotes":""},"class_list":["post-83","page","type-page","status-publish","hentry"],"_links":{"self":[{"href":"https:\/\/printing-season.com\/en\/wp-json\/wp\/v2\/pages\/83","targetHints":{"allow":["GET"]}}],"collection":[{"href":"https:\/\/printing-season.com\/en\/wp-json\/wp\/v2\/pages"}],"about":[{"href":"https:\/\/printing-season.com\/en\/wp-json\/wp\/v2\/types\/page"}],"author":[{"embeddable":true,"href":"https:\/\/printing-season.com\/en\/wp-json\/wp\/v2\/users\/1"}],"replies":[{"embeddable":true,"href":"https:\/\/printing-season.com\/en\/wp-json\/wp\/v2\/comments?post=83"}],"version-history":[{"count":2,"href":"https:\/\/printing-season.com\/en\/wp-json\/wp\/v2\/pages\/83\/revisions"}],"predecessor-version":[{"id":335,"href":"https:\/\/printing-season.com\/en\/wp-json\/wp\/v2\/pages\/83\/revisions\/335"}],"wp:attachment":[{"href":"https:\/\/printing-season.com\/en\/wp-json\/wp\/v2\/media?parent=83"}],"curies":[{"name":"wp","href":"https:\/\/api.w.org\/{rel}","templated":true}]}}