{"id":85,"date":"2020-01-03T00:00:00","date_gmt":"2020-01-02T23:00:00","guid":{"rendered":"https:\/\/dev.speedyweb.pl\/printing-season\/kontakt\/"},"modified":"2020-11-12T17:26:59","modified_gmt":"2020-11-12T16:26:59","slug":"kontakt","status":"publish","type":"page","link":"https:\/\/printing-season.com\/en\/contact\/","title":{"rendered":"Contact"},"content":{"rendered":"<h1>Contact us<\/h1>\n<p><strong>Do you want to use our services?<\/strong><\/p>\n<p>Napisz do nas, zadzwo\u0144 lub odwied\u017a nas w naszej pracowni<\/p>\n<p>You put it into words, we do the rest!<\/p>\n<form action=\"\/wp-admin\/admin-ajax.php#wpcf7-f364-o3\" method=\"post\" enctype=\"multipart\/form-data\" novalidate=\"novalidate\" data-trp-original-action=\"\/wp-admin\/admin-ajax.php#wpcf7-f364-o3\">\n<input type=\"hidden\" name=\"_wpcf7\" value=\"364\"><br \/>\n<input type=\"hidden\" name=\"_wpcf7_version\" value=\"5.1.6\"><br \/>\n<input type=\"hidden\" name=\"_wpcf7_locale\" value=\"pl_PL\"><br \/>\n<input type=\"hidden\" name=\"_wpcf7_unit_tag\" value=\"wpcf7-f364-o3\"><br \/>\n<input type=\"hidden\" name=\"_wpcf7_container_post\" value=\"0\"><\/p>\n<p><label> Imi\u0119 i nazwisko (wymagane)<br \/>\n<input type=\"text\" name=\"your-name\" value=\"\" size=\"40\" aria-required=\"true\" aria-invalid=\"false\"> <\/label><\/p>\n<p><label> Adres email (wymagane)<br \/>\n<input type=\"email\" name=\"your-email\" value=\"\" size=\"40\" aria-required=\"true\" aria-invalid=\"false\"> <\/label><\/p>\n<p><label> Message<br \/>\n<textarea name=\"your-message\" cols=\"40\" rows=\"10\" aria-invalid=\"false\"><\/textarea> <\/label><\/p>\n<p><input type=\"file\" name=\"file-406\" size=\"40\" accept=\".jpg,.jpeg,.png,.gif,.pdf,.doc,.docx,.ppt,.pptx,.odt,.avi,.ogg,.m4a,.mov,.mp3,.mp4,.mpg,.wav,.wmv\" aria-invalid=\"false\"><\/p>\n<p><label><input type=\"checkbox\" name=\"acceptance-629\" value=\"1\" aria-invalid=\"false\">I declare that I have read the Information on Processing of Personal Data and agree to the processing of my personal data by Printing-Season for the purpose of providing information on products offered by the company, including sending commercial information to the above-mentioned e-mail address and to the above-mentioned telephone number, as well as to the processing of my personal data for the purpose of service quality testing.<\/label><\/p>\n<p><input type=\"submit\" value=\"Send\"><\/p>\n<input type=\"hidden\" name=\"trp-form-language\" value=\"en\"\/><\/form>\n<p><b>Printing-Season Jacek Wysmyk<\/b><br \/>\nDobra 8<br \/>\n05-306 Jakub\u00f3w<br \/>\ntel. +48 669 539 089<br \/>\ninfo@printing-season.pl<\/p>\n<p>NIP: 822-218-21-70<\/p>\n<p><iframe loading=\"lazy\" style=\"border: 0;\" src=\"https:\/\/www.google.com\/maps\/embed?pb=!1m18!1m12!1m3!1d204939.48646199398!2d21.232595107041128!3d52.196854645942!2m3!1f0!2f0!3f0!3m2!1i1024!2i768!4f13.1!3m3!1m2!1s0x0%3A0xf6731ffce0cad70b!2sKoszulki%20reklamowe%20z%20nadrukiem.%20Nadruki%20na%20koszulkach%2C%20torbach%20i%20czapkach.%20%7C%20Printing-Season!5e0!3m2!1spl!2spl!4v1578672434085!5m2!1spl!2spl\" allowfullscreen=\"allowfullscreen\" width=\"600\" height=\"450\" frameborder=\"0\"><\/iframe><\/p>","protected":false},"excerpt":{"rendered":"<p>Skontaktuj si\u0119 z nami! Chcesz skorzysta\u0107 z naszych us\u0142ug? Napisz do nas, zadzwo\u0144 lub odwied\u017a nas w naszej pracowni Ty ubierasz w s\u0142owa, my zajmujemy si\u0119 reszt\u0105! Imi\u0119 i nazwisko...<\/p>","protected":false},"author":1,"featured_media":0,"parent":0,"menu_order":0,"comment_status":"open","ping_status":"open","template":"","meta":{"_vp_format_video_url":"","_vp_image_focal_point":[],"footnotes":""},"class_list":["post-85","page","type-page","status-publish","hentry"],"_links":{"self":[{"href":"https:\/\/printing-season.com\/en\/wp-json\/wp\/v2\/pages\/85","targetHints":{"allow":["GET"]}}],"collection":[{"href":"https:\/\/printing-season.com\/en\/wp-json\/wp\/v2\/pages"}],"about":[{"href":"https:\/\/printing-season.com\/en\/wp-json\/wp\/v2\/types\/page"}],"author":[{"embeddable":true,"href":"https:\/\/printing-season.com\/en\/wp-json\/wp\/v2\/users\/1"}],"replies":[{"embeddable":true,"href":"https:\/\/printing-season.com\/en\/wp-json\/wp\/v2\/comments?post=85"}],"version-history":[{"count":2,"href":"https:\/\/printing-season.com\/en\/wp-json\/wp\/v2\/pages\/85\/revisions"}],"predecessor-version":[{"id":439,"href":"https:\/\/printing-season.com\/en\/wp-json\/wp\/v2\/pages\/85\/revisions\/439"}],"wp:attachment":[{"href":"https:\/\/printing-season.com\/en\/wp-json\/wp\/v2\/media?parent=85"}],"curies":[{"name":"wp","href":"https:\/\/api.w.org\/{rel}","templated":true}]}}